{"id":9575,"date":"2015-12-11T14:10:44","date_gmt":"2015-12-11T13:10:44","guid":{"rendered":"http:\/\/vhtbe04p\/?page_id=9575&#038;lang=it"},"modified":"2023-09-28T13:00:32","modified_gmt":"2023-09-28T11:00:32","slug":"apply-now","status":"publish","type":"page","link":"https:\/\/www.be-tse.it\/it\/apply-now\/","title":{"rendered":"Apply Now"},"content":{"rendered":"<p><meta http-equiv=\"Content-Type\" content=\"text\/html; charset=utf-8\" \/>\n<link rel=\"stylesheet\" type=\"text\/css\" href=\"\/wp-content\/themes\/betse\/assets\/css\/jquery-filestyle.min.css\">\n<link rel=\"stylesheet\" type=\"text\/css\" href=\"\/wp-content\/themes\/betse\/assets\/css\/styleCaptcha.css\">\n<script type=\"text\/javascript\" src=\"\/wp-content\/themes\/betse\/assets\/js\/jquery.ebcaptcha.js\"><\/script><br \/>\n<script src='https:\/\/www.google.com\/recaptcha\/api.js' async defer ><\/script><br \/>\n<script src=\"\/wp-content\/themes\/betse\/assets\/js\/jquery-filestyle.min.js\"><\/script><br \/>\n<script src=\"\/\/code.jquery.com\/ui\/1.11.4\/jquery-ui.js\"><\/script><script>\/\/ <![CDATA[\n\/\/ ]]><\/script><br \/>\n<script type=\"text\/javascript\">\/\/ <![CDATA[\n\nvar testLocation;\n\nvar upFileSize = 0;\nvar upFileSize2 = 0;\n\n$(function() { \n\nvar langue=\"\";\n\n\n$(\"#dbirth\").focus(function(){\n\t$(\"#dbirth\").val(\"\");\n});\n$(\"#dbirth\").blur(function(){\n\tif($(\"#dbirth\").val().length==0)\n\t{\n\t\t$(\"#dbirth\").val(\"dd\/mm\/yyyy\");\n\t}\n});\n\n$('#upFile').bind('change', function() {\n upFileSize = this.files[0].size;\n});\n$('#upFile2').bind('change', function() {\n upFileSize2 = this.files[0].size;\n});\n\n$(\"#messaggio\").html(\"\");\n\n$(\"#snd\").prop(\"disabled\", true);\n$(\"#snd\").css(\"color\",\"gray\");\n$(\"#opc\").css(\"color\",\"gray\");\n\n\n$(\"#param0\").val(\"\");\n$(\"#param1\").val(\"\");\n$(\"#param2\").val(\"\");\n$(\"#param3\").val(\"\");\n$(\"#param4\").val(\"\");\nvar mailOk=\"\";\nvar sottotitolo=\"\";\ntestLocation=sottotitolo;\n\nif (sottotitolo=='1')\n{\n\t$(\"#tt\").html(\"\");\n\t$('#positionRow').remove();\n\t$('#chkCity1').remove();\n\t$('#chkCity2').remove();\n}\nif (sottotitolo=='2')\n{\n\t\/\/GRADUATE\t\t\n\t$(\"#tt\").html(\"GRADUATE\");\n\t$('#positionRow').remove();\n    $('#messaggio').remove();\n\t$('#chkCity1').remove();\n\t$('#chkCity2').remove();\n}\nif (sottotitolo=='3')\n{\n\t\/\/OPPORTUNITIES\n\t$('#messaggio').remove();\n\t$('#msgYourCountry').remove();\n\t\n\t\n\t\n\t$(\"#opc1\").html(\"Country\");\n\t$(\"#lblOpcity1\").html(\"Location\");\n\n\n\tvar citta=$(\"#param3\").val().split(\";\");\n   \n\n\t\n\tif(!citta[1])\n\t{\n\t\n\t\t$('#secondChoice').remove();\n\t\t$('#chkCity1').remove();\n\t\t\n\t}else{\n  \n     \t$(\"#opc2\").html(\"\");\n      \t$(\"#opCountry2\").remove();\n\t\t$(\"#opCity1\").css(\"color\", \"gray\");\n\t\t$(\"#opCity2\").css(\"color\", \"gray\");;\n\t\t\n\n\t}\n\n\t\n\n\t$(\"#tt\").html(\"OPPORTUNITIES\");\n\t\n\t\/\/ POPOLIAMO LA LIST COUNTRY E CITY SOLO CON PAESE E CITTA PASSATI\n\t$(\"#opCountry1\").empty();\n\t$(\"#opCountry1\").append($('<option><\/option>').val($(\"#param2\").val()).html($(\"#param2\").val()));\n\t\n\n\t\n  \n\n\t$(\"#opCity1\").empty();\n\t$(\"#opCity1\").append($('<option><\/option>').val(citta[0]).html(citta[0]));\n\n\n\n\t\/\/$(\"#opCountry2\").empty();\n\t\/\/$(\"#opCountry2\").append($('<option><\/option>').val($(\"#param2\").val()).html($(\"#param2\").val()));\n\t\n\t$(\"#opCity2\").empty();\n\t$(\"#opCity2\").append($('<option><\/option>').val(citta[1]).html(citta[1]));\n\n\t\n\t$(\"#opPos\").val($(\"#param1\").val());\n    \n\tif($(\"#param4\").val()=='IT')\n\t{\n\t\t$(\"#carrers\").val(\"IT Consulting\");\n\t}else{\n\t\t$(\"#carrers\").val(\"Business Consulting\");\t\n\t}\n\t\n\t\/\/ DISABILITAMO TUTTI I CAMPI CHE NON DEVONO ESSERE MODIFICATI\n\t$(\"#opPos\").prop( \"disabled\", true );\n\t$(\"#opCity1\").prop( \"disabled\", true );\n   \t$(\"#opCity2\").prop( \"disabled\", true );\n\t$(\"#opCountry1\").prop( \"disabled\", true );\n\t$(\"#opCountry2\").prop( \"disabled\", true );\n\t$(\"#carrers\").prop( \"disabled\", true );\n\n\t\n\n\n}\n\nif(mailOk==\"true\")\n{\n\t$(\"#msg\").val(\"THANK YOU Your application has been successful\");$(\"#msg\").show();$(\"#msg\").css(\"color\",\"red\");\n\t$(\"#msg\").css(\"color\",\"green\");\n\t$(\"#msg\").show();\n\t\t\t\t\t\t   \n}\nelse\n{\n\tif(mailOk == \"false\" || mailOk == \"\")\n\t{\n\t\triletturaCampiSessione();\t\t\t\t\t   \n\t\t$(\"#msg\").val(\"Please, validate the captcha!\");$(\"#msg\").show();$(\"#msg\").css(\"color\",\"red\");\n\t\t$(\"#msg\").css(\"color\",\"red\");\n\t\t$(\"#msg\").show();\n\t}\n}\n\n\n});\n\n\nfunction testAuth()\n{\n\t\n\tif ($(\"#auth\").prop('checked')) {\n       $(\"#snd\").prop(\"disabled\", false);\n\t   $(\"#snd\").css(\"color\",\"black\");\n    } else {\n       $(\"#snd\").prop(\"disabled\", true);\n\t   $(\"#snd\").css(\"color\",\"gray\");\n    }\n}\n\n\nfunction choiceCity()\n{\n\t\n\tif ($(\"#chkCity1\").prop('checked')) {\n\t   $(\"#opCity1\").css(\"color\",\"black\");\n    } else {\n\t  $(\"#opCity1\").css(\"color\",\"gray\");\n    }\n\tif ($(\"#chkCity2\").prop('checked')) {\n\t   $(\"#opCity2\").css(\"color\",\"black\");\n    } else {\n\t  $(\"#opCity2\").css(\"color\",\"gray\");\n    }\n\n\n}\n\nfunction testField()\n{\n\t$(\"#msg\").hide();\n\tif($.trim($(\"#fname\").val()).length==0)\n\t{\n\t\t$(\"#msg\").val(\"Warning: First Name Required!\");$(\"#msg\").show();$(\"#msg\").css(\"color\",\"red\");\n\t\treturn false;\n\t}\n\tif($.trim($(\"#lname\").val()).length==0)\n\t{\n\t\t$(\"#msg\").val(\"Warning: Last Name Required!\");$(\"#msg\").show();$(\"#msg\").css(\"color\",\"red\");\n\t\treturn false;\n\t}\n\t\n\tif($(\"#dbirth\").val().length==0 || $(\"#dbirth\").val()==\"gg\/mm\/aaaa\")\n\t{\n\t\t$(\"#msg\").val(\"Warning: Date of Birth Required!\");$(\"#msg\").show();$(\"#msg\").css(\"color\",\"red\");\n\t\treturn false;\n\t}\n\telse{\n\n\t\tvar reg = \/(0[1-9]|[12][0-9]|3[01])[- \/.](0[1-9]|1[012])[- \/.](19|20)\\d\\d\/;\n\t\tvar dt=$(\"#dbirth\").val();\n\t\tif (!dt.match(reg))\n\t\t{\n\t\t\t$(\"#msg\").val(\"Warning: Date of Birth in the wrong format!\");$(\"#msg\").show();$(\"#msg\").css(\"color\",\"red\");\n\t\treturn false;\n\t\t}\n\n\t}\n\tif($(\"#mnumber\").val().length==0)\n\t{\n\t\t$(\"#msg\").val(\"Warning: Mobile Number Required!\");$(\"#msg\").show();$(\"#msg\").css(\"color\",\"red\");\n\t\treturn false;\n\t}\n\tif(!$.isNumeric($(\"#mnumber\").val()))\n\t{\n\t\t$(\"#msg\").val(\"Warning: Mobile Number Accept Only Numbers!\");$(\"#msg\").show();$(\"#msg\").css(\"color\",\"red\");\n\t\treturn false;\n\n\t}\n\tif($(\"#email\").val().length==0)\n\t{\n\t\t$(\"#msg\").val(\"Warning: Email Required!\");$(\"#msg\").show();$(\"#msg\").css(\"color\",\"red\");\n\t\treturn false;\n\t}\n\tif($(\"#upFile\").val().length==0)\n\t{\n\t\t$(\"#msg\").val(\"Warning: CV Required!\");$(\"#msg\").show();$(\"#msg\").css(\"color\",\"red\");\n\t\treturn false;\n\t} else {\n      var filename = $(\"#upFile\").val();\n      var parts = filename.split('.');\n      var extension = parts[parts.length - 1]; \n\n      var fileSizeMB = Math.round(upFileSize \/ 1024 \/ 1024 );                       \n\n      if(fileSizeMB > 10){\n           $(\"#msg\").val(\"Warning: File sizes must be less than 10 MB\");$(\"#msg\").show();$(\"#msg\").css(\"color\",\"red\");\n           return false;\n      } \n      \n      var extOk = false;\n      if((extension.toLowerCase()==\"pdf\") || (extension.toLowerCase()==\"doc\") || (extension.toLowerCase()==\"docx\") || (extension.toLowerCase()==\"odt\")){\n        extOk = true;\n      }\n      if(extOk == false){\n           $(\"#msg\").val(\"Warning: Files must be of type .pdf, .doc, .docx or .odt\");$(\"#msg\").show();$(\"#msg\").css(\"color\",\"red\");\n           return false;\n      }     \n  }\n  \n  if($(\"#upFile2\").val().length>0){\n      var filename = $(\"#upFile2\").val();\n      var parts = filename.split('.');\n      var extension = parts[parts.length - 1]; \n\n      var fileSizeMB = Math.round(upFileSize2 \/ 1024 \/ 1024 );                       \n\n      if(fileSizeMB > 10){\n           $(\"#msg\").val(\"Warning: File sizes must be less than 10 MB\");$(\"#msg\").show();$(\"#msg\").css(\"color\",\"red\");\n           return false;\n      }      \n      \n      var extOk = false;\n      if((extension.toLowerCase()==\"pdf\") || (extension.toLowerCase()==\"doc\") || (extension.toLowerCase()==\"docx\") || (extension.toLowerCase()==\"odt\")){\n        extOk = true;\n      }\n      if(extOk == false){\n           $(\"#msg\").val(\"Warning: Files must be of type .pdf, .doc, .docx or .odt\");$(\"#msg\").show();$(\"#msg\").css(\"color\",\"red\");\n           return false;\n      }   \n  }\n\tif($(\"#opCity1 :selected\").text().length==0)\n\t{\n\t\t\t\n$(\"#msg\").val(\"Warning:Country and City Required!\");$(\"#msg\").show();$(\"#msg\").css(\"color\",\"red\");\n\treturn false;\n\t}\n\telse\n\t{\n\t    var filter = \/^([\\w-\\.]+)@((\\[[0-9]{1,3}\\.[0-9]{1,3}\\.[0-9]{1,3}\\.)|(([\\w-]+\\.)+))([a-zA-Z]{2,4}|[0-9]{1,3})(\\]?)$\/;\n\tif (!filter.test($(\"#email\").val())) {\n\t\t\t$(\"#msg\").val(\"Warning: Email format not valid!\");$(\"#msg\").show();$(\"#msg\").css(\"color\",\"red\");\n\t\t\treturn false;\n\t    }  \t\n\t}\n\t\n\tif($(\"#dbirth\").val().length!=0)\n\t{\n\t\tvar oggi=new Date();\n\t\tvar annoCorrente=oggi.getFullYear();\n\t\tvar dataNascita=$(\"#dbirth\").val();\n\t\tvar annoN=dataNascita.split('\/')[2];\n\t\t\n\t\tif(annoCorrente-annoN <18) { $(\"#msg\").val(\"Warning: The age of the candidate can not be less than 18 years\");$(\"#msg\").show();$(\"#msg\").css(\"color\",\"red\"); return false; } } \n\n\n\n;\n\n\n\t\/\/TESTIAMO CHE NELLE OPEN POSITIONS ALMENO SIA SELEZ. UNA CITTA'\n\n\tif (typeof $(\"#chkCity1\").prop('checked')!='undefined') \n\t{\n      if (!$(\"#chkCity1\").prop('checked')) \n      {\n          if (!$(\"#chkCity2\").prop('checked')) \n          {\n    \n              $(\"#msg\").val(\"Warning:Location or Location Second Choice Required!\");\n              $(\"#msg\").show();\n              $(\"#msg\").css(\"color\",\"red\");\n        \n              return false;\n          }\n  \n      }\n\n}\n\n\/\/  disabilitato il 04-03\/2020 su richiesta Vendittelli\n\nif (!$(\"#auth\").prop('checked')) {\n\n\t$(\"#msg\").val(\"Warning! Check Privacy Policy to continue\");\n              $(\"#msg\").show();\n              $(\"#msg\").css(\"color\",\"red\");\n        \n              return false;\n}\n\n\ncopiaCampiDisabled();\n\n\n\n\n\/*  \n$(\"#msg\").val(\"THANK YOU Your application has been successful\");$(\"#msg\").show();$(\"#msg\").css(\"color\",\"red\");\n\t$(\"#msg\").css(\"color\",\"green\");\n\t$(\"#msg\").show();\n *\/\n\n\n\/\/ SE TUTTO OK...\nreturn true;\n\n}\n\nfunction loadCity(country,city)\n{\n  \n\tvar valuesContryCity={\n\t'Italy' :[\"Rome\",\"Milan\",\"Turin\",\"Verona\",\"Spoleto\"],\n\t'Germany':[\"Munich\",\"Frankfurt\"],\n\t'UK':[\"London\"],\n\t'Austria':[\"Vienna\"],\n\t'Romania':[\"Bucharest\",\"Iasi\"],\n\t'Ukraine':[\"Kyiv\"],\n\t'Poland':[\"Poznan\",\"Warsaw\"],\n\t'Switzerland':[\"Pf\u00e4ffikon\",\"Zurigo\"],\n\t\n\t}\n\n\t  var pros = valuesContryCity[$(country).val()];\n  \t  $(city).empty();\n      $.each(pros, function(val, text) {\n    \t$(city).append(\n        $('<option><\/option>').val(text).html(text)\n      );\n         \n\t});\n}\n\nfunction copiaCampiDisabled()\n{\n\n\t\/\/COPIO I VALORI DELLE SELECT DIDABILITATE IN CAMPI NASCOSTI\n\t\n\t\n\t$(\"#disableCarrers\").val($(\"#carrers\").val());\n\n\t$(\"#disableOpenPosition\").val($(\"#tt\").html());\n\n    if(typeof $(\"#chkCity1\").prop('checked')!='undefined')\n    {\n        if ($(\"#chkCity1\").prop('checked')) \n        {\n            $(\"#disableCity1\").val($(\"#opCity1\").val());\n\t\t\t$(\"#disableCountry1\").val($(\"#opCountry1\").val());\t\n        }\n        if ($(\"#chkCity2\").prop('checked')) \n        {\n            $(\"#disableCity2\").val($(\"#opCity2\").val());\n\t\t\t$(\"#disableCountry2\").val($(\"#opCountry1\").val());\n        }\n\t\t\t\t\t\n        \n    }else{\n\t\n    \t    \n        $(\"#disableCity1\").val($(\"#opCity1\").val());\n        $(\"#disableCity2\").val($(\"#opCity2\").val());\n\t\t$(\"#disableCountry1\").val($(\"#opCountry1\").val());\t\t\n\t\t$(\"#disableCountry2\").val($(\"#opCountry2\").val());\n    }\n\n\n\n}\n\nfunction riletturaCampiSessione()\n{\n\tvar tipoCandidatura= \"\";\n\tvar mailOk=\"\";\n\t\n\t\n\n\t\n\t\n    if(mailOk !='true' && mailOk != \"\"){\n\t\t \n\t\t\n\t\t$('#sex').val(\"\").change();\n\t\t \n\t\t \n\t\t if(tipoCandidatura==\"2\" || tipoCandidatura==\"4\" )\n\t\t {\t \n\t\t  $('#opCountry1').val(\"\").change();\n\t\t  $('#opCountry2').val(\"\").change();\n\t\t  $('#opCity1').val(\"\").change();\n\t\t  $('#opCity2').val(\"\").change();\n\t\t  $('#carrers').val(\"\").change();\n\t\t}\n\t\t\n\n\t\t\n\t\t\n\t}\n}\n\n\/\/ ]]><\/script><\/p>\n<style>\n  .privacy{\n  \tfont-weight:normal;\n  \tfont-size:10px; \n  \tfont-style:italic;\n  \twidth:100%;\n  \theight:100px;\n  \ttext-align:left;\n  \toverflow: auto;\n  }\n   .privacy p{margin:0;padding-bottom: 2px}\n<\/style>\n<div id=\"messaggio\" class=\"\" style=\"width:800px;text-align:justify;font-weight:normal;\"><\/div>\n<form id=\"form\" action=\"\/wp-content\/themes\/betse\/customer-details.php\" enctype=\"multipart\/form-data\" method=\"POST\" name=\"customer_details\">\n<table class=\"TFtable  TabApply\" style=\"width: 80%;font-size:14px;\">\n<tbody>\n<tr>\n<th colspan=\"5\">\n  <span id=\"tt\" style=\"font-weight:bold; font-size: 14px;padding:2px;\"><\/span>\n <\/th>\n<\/tr>\n<tr>\n<td width=\"165px\">First Name *<\/td>\n<td width=\"180px\"><input id=\"fname\" name=\"fname\" type=\"text\" value=\"\" \/><\/td>\n<td width=\"160px\">Last Name *<\/td>\n<td width=\"175px\"><input id=\"lname\" name=\"lname\" type=\"text\" value=\"\" \/><\/td>\n<\/tr>\n<tr>\n<td width=\"0\">Date of Birth *<\/td>\n<td width=\"0\"><input id=\"dbirth\" name=\"dbirth\" type=\"text\" value=\"dd\/mm\/yyyy\" \/><\/td>\n<td width=\"0\">Gender *<\/td>\n<td width=\"0\"><select id=\"sex\" style=\"font-weight: normal;\" name=\"sex\"><option value =\"\"><\/option><option value=\"Male\">Male<\/option><option value=\"Female\">Female<\/option><\/select><\/td>\n<\/tr>\n<tr>\n<td width=\"0\">Address<\/td>\n<td width=\"0\"><input id=\"address\" name=\"address\" type=\"text\" value=\"\" \/><\/td>\n<td width=\"0\">Street Number<\/td>\n<td width=\"0\"><input id=\"n\" name=\"n\" type=\"text\" value=\"\" \/><\/td>\n<\/tr>\n<tr>\n<td width=\"0\">Postal Code<\/td>\n<td width=\"0\"><input id=\"pcode\" name=\"pcode\" type=\"text\" value=\"\" \/><\/td>\n<td width=\"0\"><\/td>\n<td width=\"0\"><\/td>\n<\/tr>\n<tr>\n<td width=\"0\">City<\/td>\n<td width=\"0\"><input id=\"city\" name=\"city\" type=\"text\" value=\"\" \/><\/td>\n<td width=\"0\">Country<\/td>\n<td width=\"0\"><input id=\"country\" name=\"country\" type=\"text\" value=\"\" \/><\/td>\n<\/tr>\n<tr>\n<td width=\"0\">Mobile Number *<\/td>\n<td width=\"0\"><input id=\"mnumber\" name=\"mnumber\" type=\"text\" value=\"\" \/><\/td>\n<td width=\"0\">E mail *<\/td>\n<td width=\"0\"><input id=\"email\" name=\"email\" type=\"text\" value=\"\" \/><\/td>\n<\/tr>\n<tr>\n<td width=\"0\">Upload Your CV *<\/td>\n<td width=\"0\"><input style=\"padding: 1px;\" id=\"upFile\" name=\"upFile\" type=\"file\" class=\"jfilestyle\" data-buttonText=\"Choose File\" data-inputSize=\"110px\" data-buttonBefore=\"true\" \/><\/td>\n<td width=\"0\">Cover Letter<\/td>\n<td width=\"0\"><input style=\"padding: 1px;\" id=\"upFile2\" name=\"upFile2\" type=\"file\"  class=\"jfilestyle\" data-buttonText=\"Choose File\" data-inputSize=\"110px\" data-buttonBefore=\"true\" \/><\/td>\n<\/tr>\n<tr id=\"msgYourCountry\" style=\"font-style:Italic;font-size:15px;\">\n<td colspan=\"2\" style=\"font-weight: normal\">\n    Select your country of interest\n  <\/td>\n<td colspan=\"2\" style=\"font-weight: normal;\">\n     Select your location of interest\n  <\/td>\n<\/tr>\n<tr>\n<td><span id=\"opc1\">Country First Choice<\/span><\/td>\n<td><select id=\"opCountry1\" style=\"font-weight: normal;\" name=\"opCountry1\" onchange=\"loadCity(this,'#opCity1');\"><option value=\"\"><\/option><option value=\"Italy\">Italy<\/option><option value=\"Germany\">Germany<\/option><option value=\"Switzerland\">Switzerland<\/option><option value=\"Austria\">Austria<\/option><option value=\"Romania\">Romania<\/option><option value=\"UK\">UK<\/option><option value=\"Poland\">Poland<\/option><\/select><\/td>\n<td><span id=\"lblOpcity1\">Location First Choice<\/span><\/td>\n<td>\n<select id=\"opCity1\" style=\"font-weight: normal;\" name=\"opCity1\" value=\"\"><\/select><input id=\"chkCity1\" name=\"chkCity1\" style=\"width:14px;height:14px;float:right;\" type=\"checkbox\"  onChange=\"choiceCity()\" \/>\n<\/td>\n<\/tr>\n<tr id=\"secondChoice\">\n<td><span id=\"opc2\">Country Second Choice<\/span><\/td>\n<td><select id=\"opCountry2\" style=\"font-weight: normal;\" name=\"opCountry2\" onchange=\"loadCity(this,'#opCity2');\"><option value=\"\"><\/option><option value=\"Italy\">Italy<\/option><option value=\"Germany\">Germany<\/option><option value=\"Switzerland\">Switzerland<\/option><option value=\"Austria\">Austria<\/option><option value=\"Romania\">Romania<\/option><option value=\"UK\">UK<\/option><option value=\"Poland\">Poland<\/option><\/select><\/td>\n<td><span id=\"lblOpcity2\">Location Second Choice<\/span><\/td>\n<td>\n<select id=\"opCity2\" style=\"font-weight: normal;\" name=\"opCity2\" value=\"\"><\/select><input id=\"chkCity2\" name=\"chkCity2\" style=\"width:14px;height:14px;float:right;\" type=\"checkbox\"  onChange=\"choiceCity()\" \/>\n<\/td>\n<\/tr>\n<td><span id=\"lblCarrers\">Type of Application<\/span><\/td>\n<td><select id=\"carrers\" style=\"font-weight: normal;\" name=\"carrers\"><option value=\"IT Consulting\">IT Consulting<\/option><option value=\"Business Consulting\">Business Consulting<\/option><\/select><\/td>\n<td><\/td>\n<td><\/td>\n<\/tr>\n<tr id=\"positionRow\">\n<td width=\"0\">Open Position<\/td>\n<td width=\"0\" colspan=\"3\"><input id=\"opPos\" name=\"opPos\" type=\"text\" style=\"width:285px\" value=\"\"\/><\/td>\n<\/tr>\n<tr>\n<td width=\"0\">Privacy Policy<\/td>\n<td colspan=\"3\">\n<div id=\"privacy_eng\" class=\"privacy\">\n<p>\u201cI dati che Lei ci fornir\u00e0 saranno raccolti dalla societ\u00e0 Be Shaping the Future S.p.A. in quanto esclusivamente finalizzati alle attivit\u00e0 di ricerca e selezione del personale, per posizioni aperte attuali e future, per un potenziale inserimento all\u2019 interno delle singole societ\u00e0 del gruppo Be: <\/p>\n<p>Be Shaping the Future S.p.A., Be Shaping the Future Management Consulting S.p. A., Be Shaping the Future Corporate Services S.p.A.,  Be Shaping the Future DigiTech Solutions  S.p.A., IQUII Srl, Tesla Consulting Srl, Be Your Essence S.r.L, Be Poland Think, Solve &#038; Execute Sp. z o. o., iBe Think Solve, Execute Ltd., targit GmbH, Be Think, Solve, Execute RO s.r.l., Be Ukraine Think, Solve, Execute LLC., nonch\u00e9 di ogni altra societ\u00e0 appartenente al Gruppo Be. <\/p>\n<p>Per quanto non espressamente previsto in questo annuncio si rinvia all\u2019Informativa privacy di Gruppo <a href=\"\/wp-content\/uploads\/2020\/07\/Be_InformativaLavoraConNoi.pdf\" target=\"_blank\" rel=\"noopener noreferrer\"> &#8220;Informativa Lavora con Noi&#8221; <\/a> della quale l\u2019interessato dichiara di aver preso visione condividendone il contenuto\u201d.<\/p>\n<\/div>\n<\/td>\n<\/tr>\n<\/tbody>\n<\/table>\n<p class=\"\" style=\"float: left; margin-right: 4px;font-size:14px;\">I authorise the use of my personal data according to legislative decree n\u00b0196\/03<\/p>\n<p><input id=\"auth\" name=\"auth\" type=\"checkbox\" value=\"\" onChange=\"testAuth();\" \/><\/p>\n<div class=\"g-recaptcha\" data-sitekey=\"6Ld1hJMeAAAAAHHgxDkQC1T_ekGR3CV9XNzg6wrp\"><\/div>\n<div class=\"sendBtn\" style=\"font-size:14px;float:right\">\n\t<input id=\"snd\" type=\"submit\" value=\"Send\" onClick=\"return testField();\" style=\"width:100px;\"\/>\n<\/div>\n<p>.<\/p>\n<div class=\"\"><input id=\"msg\" style=\"border: none; display: none; width: 500px; padding:15px;margin-left:350px;\" name=\"msg\" readonly=\"readonly\" type=\"text\" value=\"\" \/><\/div>\n<p><input id=\"param0\" name=\"param0\" type=\"hidden\" value=\"\" \/><br \/>\n<input id=\"param1\" name=\"param1\" type=\"hidden\" value=\"\" \/><br \/>\n<input id=\"param2\" name=\"param2\" type=\"hidden\" value=\"\" \/><br \/>\n<input id=\"param3\" name=\"param3\" type=\"hidden\" value=\"\" \/><br \/>\n<input id=\"param4\" name=\"param4\" type=\"hidden\" value=\"\"\/><br \/>\n<input id=\"disableCountry1\" name=\"disableCountry1\" type=\"hidden\" value=\"\" \/><br \/>\n<input id=\"disableCity1\" name=\"disableCity1\" type=\"hidden\" value=\"\" \/><br \/>\n<input id=\"disableCountry2\" name=\"disableCountry2\" type=\"hidden\" value=\"\" \/><br \/>\n<input id=\"disableCity2\" name=\"disableCity2\" type=\"hidden\" value=\"\" \/><br \/>\n<input id=\"disableCarrers\" name=\"disableCarrers\" type=\"hidden\" value=\"\"\/><br \/>\n<input id=\"disableOpenPosition\" name=\"disableOpenPosition\" type=\"hidden\" value=\"\" \/><br \/>\n <input id=\"paese\" name=\"paese\" type=\"hidden\" value=\"it\" \/><\/p>\n<\/form>\n","protected":false},"excerpt":{"rendered":"<p>First Name * Last Name * Date of Birth * Gender * MaleFemale Address Street Number Postal Code City Country Mobile Number * E mail * Upload Your CV * Cover Letter Select your country of interest Select your location of interest Country First Choice ItalyGermanySwitzerlandAustriaRomaniaUKPoland Location First Choice Country Second Choice ItalyGermanySwitzerlandAustriaRomaniaUKPoland Location Second [&hellip;]<\/p>\n","protected":false},"author":2,"featured_media":0,"parent":0,"menu_order":0,"comment_status":"closed","ping_status":"closed","template":"page-recall-PopUp.php","meta":{"_acf_changed":false,"footnotes":""},"class_list":["post-9575","page","type-page","status-publish","hentry"],"acf":[],"aioseo_notices":[],"_links":{"self":[{"href":"https:\/\/www.be-tse.it\/it\/wp-json\/wp\/v2\/pages\/9575","targetHints":{"allow":["GET"]}}],"collection":[{"href":"https:\/\/www.be-tse.it\/it\/wp-json\/wp\/v2\/pages"}],"about":[{"href":"https:\/\/www.be-tse.it\/it\/wp-json\/wp\/v2\/types\/page"}],"author":[{"embeddable":true,"href":"https:\/\/www.be-tse.it\/it\/wp-json\/wp\/v2\/users\/2"}],"replies":[{"embeddable":true,"href":"https:\/\/www.be-tse.it\/it\/wp-json\/wp\/v2\/comments?post=9575"}],"version-history":[{"count":71,"href":"https:\/\/www.be-tse.it\/it\/wp-json\/wp\/v2\/pages\/9575\/revisions"}],"predecessor-version":[{"id":15018,"href":"https:\/\/www.be-tse.it\/it\/wp-json\/wp\/v2\/pages\/9575\/revisions\/15018"}],"wp:attachment":[{"href":"https:\/\/www.be-tse.it\/it\/wp-json\/wp\/v2\/media?parent=9575"}],"curies":[{"name":"wp","href":"https:\/\/api.w.org\/{rel}","templated":true}]}}