{"id":7936,"date":"2015-11-27T15:44:26","date_gmt":"2015-11-27T14:44:26","guid":{"rendered":"http:\/\/vhtbe04p\/?page_id=7936&#038;lang=it"},"modified":"2023-08-31T08:56:10","modified_gmt":"2023-08-31T06:56:10","slug":"contact","status":"publish","type":"page","link":"https:\/\/www.be-tse.it\/it\/business\/contact\/","title":{"rendered":"Contatti"},"content":{"rendered":"<div style=\"width: 100%; float: left; margin-bottom: 40px;\">\n<h4 class=\"dosis\"><!-- <a href=\"http:\/\/vhtbe04p\/wp-content\/uploads\/2015\/11\/Map_europa3-ITA.png\"><img decoding=\"async\" class=\"alignnone size-full wp-image-7223\" src=\"http:\/\/vhtbe04p\/wp-content\/uploads\/2018\/04\/Map_europa4-ITA.png\" alt=\"Map_europa3 ITA\" width=\"85%\" \/>\n<\/a>--><br \/>\n<a href=\"mailto:info@be-tse.com\"><img decoding=\"async\" class=\"alignnone wp-image-5677 size-full\" src=\"\/wp-content\/uploads\/2018\/04\/Map_europa4-ITA.png\" alt=\"Map_europa3\" width=\"85%\" \/><\/a><\/h4>\n<p>&nbsp;<\/p>\n<h3 class=\"dosis\"><\/h3>\n<h3 class=\"dosis\"><strong>Sedi Principali<\/strong><\/h3>\n<h3 class=\"dosis\"><b>ITALIA<\/b><\/h3>\n<div class=\"location\"><\/div>\n<div class=\"location\"><\/div>\n<div class=\"location\">\n<h4 class=\"titleHomepage\">Roma<\/h4>\n<p>Viale dell\u2019Esperanto, 71<br \/>\n00144 Roma<\/p>\n<\/div>\n<div class=\"location\">\n<h4 class=\"titleHomepage\">Milano<\/h4>\n<p>Piazza Affari, 2<br \/>\n20123 Milano<\/p>\n<\/div>\n<div class=\"location\"><\/div>\n<div class=\"location\"><\/div>\n<div class=\"location\"><\/div>\n<p>&nbsp;<\/p>\n<div style=\"width: 100%; float: left; margin-bottom: 40px;\">\n<h3 class=\"dosis\"><b>EUROPA<\/b><\/h3>\n<div class=\"location\">\n<h4 class=\"titleHomepage\">Londra (UK)<\/h4>\n<p>60 Moorgate<br \/>\nLondon EC2R 6EL <\/p>\n<\/div>\n<div class=\"location\">\n<h4 class=\"titleHomepage\">Monaco\u00a0(DE)<\/h4>\n<p>Arabellastra\u00dfe 30<br \/>\n81925 Munich<\/p>\n<\/div>\n<div class=\"location\">\n<h4 class=\"titleHomepage\">Francoforte\u00a0(DE)<\/h4>\n<p>Berliner Stra\u00dfe 44<br \/>\n60311 Frankfurt am Main<\/p>\n<\/div>\n<div class=\"location\">\n<h4 class=\"titleHomepage\">Vienna (AUT)<\/h4>\n<p>Brucknerstra\u00dfe 2 T\u00fcr 3<br \/>\n1040 Wien<\/p>\n<\/div>\n<div class=\"location\">\n<h4 class=\"titleHomepage\">Zurigo (CH)<\/h4>\n<p>Churerstrasse 42<br \/>\nCH-8808 Pf\u00e4ffikon<\/p>\n<\/div>\n<div class=\"location\">\n<h4 class=\"titleHomepage\">Varsavia\u00a0(PL)<\/h4>\n<p>Aleja Jana Paw\u0142a II 22<br \/>\n00-133 Warsaw<\/p>\n<\/div>\n<div class=\"location\">\n<h4 class=\"titleHomepage\">Kiev (UKR)<\/h4>\n<p>Klovskyi Uzviz 7-A<br \/>\n01021 Kiev<\/p>\n<\/div>\n<div class=\"location\">\n<h4 class=\"titleHomepage\">Bucarest (RO)<\/h4>\n<p>DBH Serviced office, str Buzesti 50-52<br \/>\nDistrict 1, Bucharest<\/p>\n<\/div>\n<\/div>\n<\/div>\n<p>&nbsp;<\/p>\n<div class=\"clearBoth\"><\/div>\n","protected":false},"excerpt":{"rendered":"<p>&nbsp; Sedi Principali ITALIA Roma Viale dell\u2019Esperanto, 71 00144 Roma Milano Piazza Affari, 2 20123 Milano &nbsp; EUROPA Londra (UK) 60 Moorgate London EC2R 6EL Monaco\u00a0(DE) Arabellastra\u00dfe 30 81925 Munich Francoforte\u00a0(DE) Berliner Stra\u00dfe 44 60311 Frankfurt am Main Vienna (AUT) Brucknerstra\u00dfe 2 T\u00fcr 3 1040 Wien Zurigo (CH) Churerstrasse 42 CH-8808 Pf\u00e4ffikon Varsavia\u00a0(PL) Aleja Jana [&hellip;]<\/p>\n","protected":false},"author":2,"featured_media":7885,"parent":7246,"menu_order":0,"comment_status":"closed","ping_status":"closed","template":"page-recall-PopUp.php","meta":{"_acf_changed":false,"footnotes":""},"class_list":["post-7936","page","type-page","status-publish","has-post-thumbnail","hentry"],"acf":[],"aioseo_notices":[],"_links":{"self":[{"href":"https:\/\/www.be-tse.it\/it\/wp-json\/wp\/v2\/pages\/7936","targetHints":{"allow":["GET"]}}],"collection":[{"href":"https:\/\/www.be-tse.it\/it\/wp-json\/wp\/v2\/pages"}],"about":[{"href":"https:\/\/www.be-tse.it\/it\/wp-json\/wp\/v2\/types\/page"}],"author":[{"embeddable":true,"href":"https:\/\/www.be-tse.it\/it\/wp-json\/wp\/v2\/users\/2"}],"replies":[{"embeddable":true,"href":"https:\/\/www.be-tse.it\/it\/wp-json\/wp\/v2\/comments?post=7936"}],"version-history":[{"count":19,"href":"https:\/\/www.be-tse.it\/it\/wp-json\/wp\/v2\/pages\/7936\/revisions"}],"predecessor-version":[{"id":15009,"href":"https:\/\/www.be-tse.it\/it\/wp-json\/wp\/v2\/pages\/7936\/revisions\/15009"}],"up":[{"embeddable":true,"href":"https:\/\/www.be-tse.it\/it\/wp-json\/wp\/v2\/pages\/7246"}],"wp:featuredmedia":[{"embeddable":true,"href":"https:\/\/www.be-tse.it\/it\/wp-json\/wp\/v2\/media\/7885"}],"wp:attachment":[{"href":"https:\/\/www.be-tse.it\/it\/wp-json\/wp\/v2\/media?parent=7936"}],"curies":[{"name":"wp","href":"https:\/\/api.w.org\/{rel}","templated":true}]}}