{"id":7430,"date":"2015-11-26T10:28:02","date_gmt":"2015-11-26T09:28:02","guid":{"rendered":"http:\/\/vhtbe04p\/?page_id=7430&#038;lang=it"},"modified":"2017-11-10T14:05:55","modified_gmt":"2017-11-10T13:05:55","slug":"peoplebe","status":"publish","type":"page","link":"https:\/\/www.be-tse.it\/it\/careers\/peoplebe\/","title":{"rendered":"People@Be"},"content":{"rendered":"<div class=\"academyCarousel\" style=\"margin-top: 0px;\">\n<div id=\"carousel-example-generic\" class=\"carousel slide\" data-ride=\"carousel\"><!-- Wrapper for slides --><\/p>\n<div class=\"carousel-inner\">\n<div class=\"item active\"><img decoding=\"async\" src=\"\/wp-content\/uploads\/2017\/11\/mosaicoPeople-v2.png\" alt=\"...\" \/><\/p>\n<div class=\"carousel-caption\">\n<h2>Tenacia<\/h2>\n<p>La consulenza \u00e8 un acceleratore di esperienze che ti permette di acquisire un bagaglio di competenze e di condividere difficolt\u00e0 e successi.<\/p>\n<\/div>\n<\/div>\n<div class=\"item\"><img decoding=\"async\" src=\"\/wp-content\/uploads\/2015\/11\/mosaicoPeople2.jpg\" alt=\"...\" \/><\/p>\n<div class=\"carousel-caption\">\n<h2>Attitudine individuale<\/h2>\n<p>Da noi, la velocit\u00e0 di crescita e di apprendimento \u00e8 notevole, ideale per chi ha voglia di imparare e mettersi in gioco.<\/p>\n<\/div>\n<\/div>\n<div class=\"item\"><img decoding=\"async\" src=\"\/wp-content\/uploads\/2017\/11\/mosaicoPeople-v2.png\" alt=\"...\" \/><\/p>\n<div class=\"carousel-caption\">\n<h2>Apertura al cambiamento<\/h2>\n<p>Occorre essere flessibili e aperti al cambiamento per cogliere tutte le opportunit\u00e0 che il gruppo Be offre ai suoi talenti.<\/p>\n<\/div>\n<\/div>\n<div class=\"item\"><img decoding=\"async\" src=\"\/wp-content\/uploads\/2017\/11\/mosaicoPeople3-v2.png\" alt=\"...\" \/><\/p>\n<div class=\"carousel-caption\">\n<h2>Fare la differenza<\/h2>\n<p>Vuoi fare la differenza e un giorno ricoprire un ruolo importante nel cambiamento del sistema finanziario? Be crea i leader di domani.<\/p>\n<\/div>\n<\/div>\n<\/div>\n<p><!-- Controls --><br \/>\n<a class=\"left carousel-control\" href=\"#carousel-example-generic\" data-slide=\"prev\"><br \/>\n<span class=\"glyphicon glyphicon-chevron-left\" style=\"margin-left: -60px;\"><br \/>\n<\/span> <\/a><br \/>\n<a class=\"right carousel-control\" href=\"#carousel-example-generic\" data-slide=\"next\"><br \/>\n<span class=\"glyphicon glyphicon-chevron-right\" style=\"margin-right: -60px;\"><br \/>\n<\/span> <\/a><\/p>\n<\/div>\n<\/div>\n<p>&nbsp;<\/p>\n<p><!--\n\n\n<p class=\"be_quote \"><span class=\"s1\">In Be le nostre persone trasmettono energia, passione e spirito imprenditoriale. Grazie ad ottime doti comunicative, capacit\u00e0 interpersonali, spirito di squadra e creativit\u00e0, i nostri professionisti supportano i clienti nel raggiungere eccellenti livelli di prestazioni in diversi settori di business.<\/span><\/p>\n\n\n --><\/p>\n<div class=\"clearBoth\"><\/div>\n<hr \/>\n<h4 class=\"titleHomepage\" style=\"text-transform: uppercase;\">BE PEOPLE<\/h4>\n<p style=\"text-align:justify;\"><img loading=\"lazy\" decoding=\"async\" class=\"img-responsive alignleft wp-image-7440\" src=\"https:\/\/www.be-tse.it\/wp-content\/uploads\/2016\/02\/Modugno.jpg\" alt=\"Gabriella, Milano\" width=\"120\" height=\"120\" \/><strong>Gabriella, Milano<\/strong><br\/>\"La mia esperienza in Be \u00e8 iniziata nel 2014 dopo aver lavorato molti anni in una multinazionale della consulenza. Sin dal primo momento ho potuto lavorare con professionisti di alta levatura e ho sviluppato capacit\u00e0 di problem solving, raggiungendo in tempi brevi i risultati desiderati.\"<\/p><hr class=\"clearBoth\" \/><p style=\"text-align:justify;\"><img loading=\"lazy\" decoding=\"async\" class=\"img-responsive alignleft wp-image-7440\" src=\"https:\/\/www.be-tse.it\/wp-content\/uploads\/2015\/11\/foto-ellen.png\" alt=\"Ellen, Londra\" width=\"120\" height=\"120\" \/><strong>Ellen, Londra<\/strong><br\/>\"Cercavo una societ\u00e0 di consulenza dalla mentalit\u00e0 pi\u00f9 innovativa. Per tutto il processo di selezione sono stata piacevolmente sorpresa dalla cultura altamente imprenditoriale e da \"start-up\" che l'azienda aveva. In Be ho ampi spazi di crescita e l'opportunit\u00e0 di assumere ruoli sempre pi\u00f9 impegnativi.\"<\/p><hr class=\"clearBoth\" \/><p style=\"text-align:justify;\"><img loading=\"lazy\" decoding=\"async\" class=\"img-responsive alignleft wp-image-7440\" src=\"https:\/\/www.be-tse.it\/wp-content\/uploads\/2015\/11\/foto-mihaela.png\" alt=\"Mihaela, Bucarest\" width=\"120\" height=\"120\" \/><strong>Mihaela, Bucarest<\/strong><br\/>\"La passione per il lavoro, colleghi di squadra molto professionali da cui imparare, poter dare ogni giorno il mio contributo, ecco cosa ho trovato in Be; un ambiente di sopra delle aspettative, motivante, con gente simpatica, molto ben preparata e sempre disposti ad aiutarsi.\"<\/p>\n<div style=\"clear: both;\"><\/div>\n","protected":false},"excerpt":{"rendered":"<p>Tenacia La consulenza \u00e8 un acceleratore di esperienze che ti permette di acquisire un bagaglio di competenze e di condividere difficolt\u00e0 e successi. Attitudine individuale Da noi, la velocit\u00e0 di crescita e di apprendimento \u00e8 notevole, ideale per chi ha voglia di imparare e mettersi in gioco. Apertura al cambiamento Occorre essere flessibili e aperti [&hellip;]<\/p>\n","protected":false},"author":2,"featured_media":0,"parent":10096,"menu_order":0,"comment_status":"open","ping_status":"closed","template":"page-template-careers.php","meta":{"_acf_changed":false,"footnotes":""},"class_list":["post-7430","page","type-page","status-publish","hentry"],"acf":[],"aioseo_notices":[],"_links":{"self":[{"href":"https:\/\/www.be-tse.it\/it\/wp-json\/wp\/v2\/pages\/7430","targetHints":{"allow":["GET"]}}],"collection":[{"href":"https:\/\/www.be-tse.it\/it\/wp-json\/wp\/v2\/pages"}],"about":[{"href":"https:\/\/www.be-tse.it\/it\/wp-json\/wp\/v2\/types\/page"}],"author":[{"embeddable":true,"href":"https:\/\/www.be-tse.it\/it\/wp-json\/wp\/v2\/users\/2"}],"replies":[{"embeddable":true,"href":"https:\/\/www.be-tse.it\/it\/wp-json\/wp\/v2\/comments?post=7430"}],"version-history":[{"count":49,"href":"https:\/\/www.be-tse.it\/it\/wp-json\/wp\/v2\/pages\/7430\/revisions"}],"predecessor-version":[{"id":12149,"href":"https:\/\/www.be-tse.it\/it\/wp-json\/wp\/v2\/pages\/7430\/revisions\/12149"}],"up":[{"embeddable":true,"href":"https:\/\/www.be-tse.it\/it\/wp-json\/wp\/v2\/pages\/10096"}],"wp:attachment":[{"href":"https:\/\/www.be-tse.it\/it\/wp-json\/wp\/v2\/media?parent=7430"}],"curies":[{"name":"wp","href":"https:\/\/api.w.org\/{rel}","templated":true}]}}