{"id":7277,"date":"2015-11-23T09:35:12","date_gmt":"2015-11-23T08:35:12","guid":{"rendered":"http:\/\/vhtbe04p\/?page_id=7277&#038;lang=it"},"modified":"2015-12-09T10:54:05","modified_gmt":"2015-12-09T09:54:05","slug":"piattaforma-assicurativa","status":"publish","type":"page","link":"https:\/\/www.be-tse.it\/it\/business\/realizzare-le-soluzioni\/piattaforma-assicurativa\/","title":{"rendered":"Insurance Platform"},"content":{"rendered":"<p>&nbsp;<\/p>\n<p style=\"text-align: justify;\">Si sta ampliando la gamma di canali distributivi, cos\u00ec come la possibilit\u00e0, per le imprese, di intraprendere relazioni con i potenziali clienti. Anche se le statistiche sembrano attribuire a Internet un peso non particolarmente rilevante, le nuove tecnologie stanno modificando radicalmente il processo distributivo.<\/p>\n<p style=\"text-align: justify;\">Le tecnologie digitali sono infatti destinate a influire sul modo in cui famiglie e imprese interagiscono con le compagnie assicurative. Internet condiziona i comportamenti di acquisto in tutte le fasi del processo, dalla <em>pre-vendita<\/em> al <em>post-vendita<\/em>.<\/p>\n<p style=\"text-align: justify;\">Dal punto di vista delle compagnie, l\u2019enorme massa di dati relativi ai consumatori, la cui gestione \u00e8 possibile grazie agli strumenti digitali, influenza aspetti chiave come la progettazione di un prodotto assicurativo, la determinazione del suo prezzo e le modalit\u00e0 di vendita.<\/p>\n<p style=\"text-align: justify;\">Esempi come quello dell\u2019assicurazione auto in Gran Bretagna, dove i canali distributivi on-line hanno ormai raggiunto una quota di mercato molto significativa, indicano la direzione in cui i mercati assicurativi evolveranno nel medio termine.<\/p>\n<p style=\"text-align: justify;\">In tale contesto, gli intermediari assicurativi tradizionali &#8211; agenti o broker &#8211; dovranno adattare i modelli di business, offrendo ai clienti nuovo valore aggiunto in termini di consulenza in modo da evitare fenomeni di disintermediazione. Le nuove tecnologie tenderanno, altres\u00ec, a ridurre le barriere all\u2019entrata nei diversi comparti del mercato e, nello stesso tempo, incentiveranno la standardizzazione dei prodotti assicurativi.<\/p>\n<p style=\"text-align: justify;\">Si assister\u00e0, quindi, a un mercato altamente competitivo sui prezzi, ma la concorrenzialit\u00e0 delle imprese si giocher\u00e0 anche sulla capacit\u00e0 di valorizzare l\u2019affidabilit\u00e0 del proprio marchio e la qualit\u00e0 del servizio offerto.<br \/>\nLe tecnologie pi\u00f9 avanzate permetteranno alle compagnie evolute di perseguire la massima personalizzazione dei propri prodotti. Si creer\u00e0 quindi una dicotomia tra l\u2019alto grado di standardizzazione dei prodotti\/servizi e la forte specializzazione degli stessi.<\/p>\n<p style=\"text-align: justify;\">In linea con questi fattori critici di successo, il nostro obiettivo \u00e8 quello di fornire ai nostri clienti il <em>full outsourcing<\/em> di una piattaforma completa per la gestione del business sull\u2019assicurazione vita. Una soluzione leader di mercato in grado di coprire l\u2019intero ciclo di vita del contratto assicurativo, diventata ormai uno standard nel settore Bancassicurazione in Italia. Tale soluzione \u00e8 stata adottata da molti dei principali player e ha mostrato un elevato livello di flessibilit\u00e0, adattandosi alle specificit\u00e0 di diversi modelli organizzativi.<\/p>\n<p style=\"text-align: justify;\">Questa soluzione garantisce un\u2019ampia copertura funzionale su tutti i processi per la gestione delle assicurazione vita (es. Sottoscrizione, gestione dei sinistri, ecc.) e i relativi prodotti (da quelli tradizionali a quelli di nuova generazione). Il servizio comprende il continuo aggiornamento della piattaforma al fine di garantire il pieno rispetto delle norme vigenti (es. Tassazione, antiriciclaggio, reclami, ecc.).<\/p>\n<p style=\"text-align: justify;\">Nel complesso, i nostri servizi sono progettati per facilitare l&#8217;integrazione multi-canale e consentire ai nostri clienti una gestione snella \u201c<em>end-to -end<\/em>&#8221; dell\u2019intera <em>supply chain<\/em>.<\/p>\n<hr \/>\n<h4 class=\"titleHomepage\">APPROFONDIMENTI<\/h4>\n<div class=\"row pubblication\">\n  <div class=\"col-md-4\"><h3>Life, Pensions &amp; General Insurance<\/h3>\n  <h2 style=\"font-size:20px;\">Pain With A Prospect Of Gain For European Insurers<\/h2><img decoding=\"async\" src=\"https:\/\/www.be-tse.it\/wp-content\/uploads\/2015\/09\/MULINO.jpg\" class=\"img-responsive\"><p style=\"text-align:justify;line-height:18px;height:90px;overflow:hidden;\">&nbsp; Si sta ampliando la gamma di canali distributivi, cos\u00ec come la possibilit\u00e0, per le imprese, di intraprendere relazioni con i potenziali clienti. Anche se le statistiche [...]\n  <\/p><a href=\"https:\/\/www.be-tse.it\/it\/pain-with-a-prospect-of-gain-for-european-insurers\/\" class=\"readmore\">READ MORE<\/a><\/div><div class=\"col-md-4\"><h3>Life, Pensions &amp; General Insurance<\/h3>\n  <h2 style=\"font-size:20px;\">Insurance Companies To Focus On Product Suitability<\/h2><img decoding=\"async\" src=\"https:\/\/www.be-tse.it\/wp-content\/uploads\/2014\/08\/DOMINO.jpg\" class=\"img-responsive\"><p style=\"text-align:justify;line-height:18px;height:90px;overflow:hidden;\">&nbsp; Si sta ampliando la gamma di canali distributivi, cos\u00ec come la possibilit\u00e0, per le imprese, di intraprendere relazioni con i potenziali clienti. Anche se le statistiche [...]\n  <\/p><a href=\"https:\/\/www.be-tse.it\/it\/insurance-companies-to-focus-on-product-suitability\/\" class=\"readmore\">READ MORE<\/a><\/div><div class=\"col-md-4\"><h3>Risk &amp; Compliance<\/h3>\n  <h2 style=\"font-size:20px;\">Is GRC  Just Another Acronym Or A Real Opportunity?<\/h2><img decoding=\"async\" src=\"https:\/\/www.be-tse.it\/wp-content\/uploads\/2014\/08\/PIANTINA-SOLDI.jpg\" class=\"img-responsive\"><p style=\"text-align:justify;line-height:18px;height:90px;overflow:hidden;\">&nbsp; Si sta ampliando la gamma di canali distributivi, cos\u00ec come la possibilit\u00e0, per le imprese, di intraprendere relazioni con i potenziali clienti. Anche se le statistiche [...]\n  <\/p><a href=\"https:\/\/www.be-tse.it\/it\/is-grc-just-another-acronym-or-a-real-opportunity\/\" class=\"readmore\">READ MORE<\/a><\/div>\n<\/div>\n<div class=\"clearBoth\"><\/div>\n","protected":false},"excerpt":{"rendered":"<p>&nbsp; Si sta ampliando la gamma di canali distributivi, cos\u00ec come la possibilit\u00e0, per le imprese, di intraprendere relazioni con i potenziali clienti. Anche se le statistiche sembrano attribuire a Internet un peso non particolarmente rilevante, le nuove tecnologie stanno modificando radicalmente il processo distributivo. Le tecnologie digitali sono infatti destinate a influire sul modo [&hellip;]<\/p>\n","protected":false},"author":4,"featured_media":451,"parent":7271,"menu_order":0,"comment_status":"closed","ping_status":"closed","template":"page-template-business.php","meta":{"_acf_changed":false,"footnotes":""},"class_list":["post-7277","page","type-page","status-publish","has-post-thumbnail","hentry"],"acf":[],"aioseo_notices":[],"_links":{"self":[{"href":"https:\/\/www.be-tse.it\/it\/wp-json\/wp\/v2\/pages\/7277","targetHints":{"allow":["GET"]}}],"collection":[{"href":"https:\/\/www.be-tse.it\/it\/wp-json\/wp\/v2\/pages"}],"about":[{"href":"https:\/\/www.be-tse.it\/it\/wp-json\/wp\/v2\/types\/page"}],"author":[{"embeddable":true,"href":"https:\/\/www.be-tse.it\/it\/wp-json\/wp\/v2\/users\/4"}],"replies":[{"embeddable":true,"href":"https:\/\/www.be-tse.it\/it\/wp-json\/wp\/v2\/comments?post=7277"}],"version-history":[{"count":4,"href":"https:\/\/www.be-tse.it\/it\/wp-json\/wp\/v2\/pages\/7277\/revisions"}],"predecessor-version":[{"id":9489,"href":"https:\/\/www.be-tse.it\/it\/wp-json\/wp\/v2\/pages\/7277\/revisions\/9489"}],"up":[{"embeddable":true,"href":"https:\/\/www.be-tse.it\/it\/wp-json\/wp\/v2\/pages\/7271"}],"wp:featuredmedia":[{"embeddable":true,"href":"https:\/\/www.be-tse.it\/it\/wp-json\/wp\/v2\/media\/451"}],"wp:attachment":[{"href":"https:\/\/www.be-tse.it\/it\/wp-json\/wp\/v2\/media?parent=7277"}],"curies":[{"name":"wp","href":"https:\/\/api.w.org\/{rel}","templated":true}]}}