{"id":7273,"date":"2015-11-23T09:30:18","date_gmt":"2015-11-23T08:30:18","guid":{"rendered":"http:\/\/vhtbe04p\/?page_id=7273&#038;lang=it"},"modified":"2015-12-09T10:53:10","modified_gmt":"2015-12-09T09:53:10","slug":"business-intelligence","status":"publish","type":"page","link":"https:\/\/www.be-tse.it\/it\/business\/realizzare-le-soluzioni\/business-intelligence\/","title":{"rendered":"Business Intelligence"},"content":{"rendered":"<p>&nbsp;<\/p>\n<p style=\"text-align: justify;\">Oggi, banche e assicurazioni necessitano del supporto della <em>data governance<\/em> per disegnare soluzioni ed implementare progetti, mirati a gestire l\u2019esponenziale crescita di dati al fine di estrarre il vero valore reso disponibile dalle informazioni. Un\u2019efficace <em>data governance<\/em> porta un ritorno importante in termini di incremento del valore degli investimenti IT e, dal punto di vista del business, massimizza l\u2019efficacia dei processi decisionali e la valutazione delle opzioni finanziarie ed operative.<\/p>\n<p style=\"text-align: justify;\">La nostra profonda conoscenza sul tema della <em>data governance<\/em> \u00e8 basata su anni di progetti di <em>database management<\/em>, <em>data warehousing<\/em> e <em>business intelligence<\/em> per alcune delle principali istituzioni finanziarie europee.\u00a0 Come parte di questo percorso, abbiamo stabilito e consolidato <em>partnership<\/em> con i pi\u00f9 importanti provider di tecnologie di <em>data governante<\/em> sul mercato (IBM e Oracle).<\/p>\n<p style=\"text-align: justify;\"><strong>Business Analytics.<\/strong><\/p>\n<p style=\"text-align: justify;\">Velocit\u00e0, Voracit\u00e0 e Volumi sono le tre dimensioni su cui si sviluppa la complessit\u00e0 con cui le banche e gli altri <em>player<\/em> del settore finanziario si devono oggi misurare per migliorare il <em>time-to-market<\/em> e garantirsi l\u2019affidabilit\u00e0 delle decisioni nel mercato competitivo dei <em>Big Data<\/em>.<\/p>\n<p style=\"text-align: justify;\">Abbiamo lavorato sodo negli ultimo anni per costruire delle solide competenze in quest\u2019ambito cos\u00ec complesso. Grazie ad un gruppo di specialisti, provenienti dai migliori centri di ricerca ed atenei europei, abbiamo sviluppato decine di brevetti e metodologie di analisi avanzata dei dati (es: <em>computational intelligence<\/em>), da cui derivano le migliori soluzioni in aree quali il R<em>isk Management<\/em> e la <em>Market Intelligence<\/em>.<\/p>\n<p style=\"text-align: justify;\">In particolare, con il nostro partner tecnologico SAS, abbiamo sviluppato un approccio moderno che consente alle medie e grandi aziende di fruire di piattaforme performanti e personale specializzato, limitando gli investimenti ed i rischi connessi ad un settore complesso e spesso turbolento. I nostri servizi di <em>Information As a Service<\/em> (IAS) e <em>Platform As a Service<\/em> (PAS) possono garantire elevati standard di qualit\u00e0, permettendo ai nostri clienti di evitare investimenti significativi in tecnologie con un elevato grado di obsolescenza.<\/p>\n<p style=\"text-align: justify;\"><strong>Business Integration.<\/strong><\/p>\n<p style=\"text-align: justify;\">Gli ambienti e le infrastrutture di integrazione rappresentano il cuore di ogni architettura complessa. Tradizionalmente, questi componenti avevano il compito di abilitare l\u2019integrazione tra i diversi silos applicativi, appartenenti ad una medesima architettura complessa. Queste piattaforme consentono oggi di spostare la logica di business al <em>middleware<\/em>, garantendo una maggiore flessibilit\u00e0 e rapidit\u00e0 nello sviluppo. D\u2019altronde, la crescente complessit\u00e0 dei processi di business, con forte esposizione competitiva sul mercato, richiede che l\u2019orchestrazione dei processi debba risiedere nell\u2019infrastruttura di integrazione piuttosto che essere cablata su ciascun silos applicativo.<\/p>\n<p style=\"text-align: justify;\">La standardizzazione dei protocolli e delle interfacce sta alla base del paradigma SOA (<em>Services Oriented Architecture<\/em>), che si \u00e8 gi\u00e0 ampiamente affermato come modello di riferimento per le architetture IT basate sulla orchestrazione di componenti di software modulari. Tali componenti possono venire invocate attraverso interfacce standard, rendendo pertanto la realizzazione complessiva dell\u2019architettura indipendente, sia dalla piattaforma sia dalla tecnologia di implementazione.<\/p>\n<p style=\"text-align: justify;\">Sulla base di questi concetti forniamo, in partnership con TIBCO, soluzioni innovative di <em>business integration<\/em> fortemente orientate alle esigenze di business. Coerentemente alla nostra filosofia, il valore unico della nostra proposta deriva dalla combinazione tra competenze tecnologiche e conoscenza specialistica del settore dei Servizi Finanziari.<\/p>\n<hr \/>\n<h4 class=\"titleHomepage\">APPROFONDIMENTI<\/h4>\n<div class=\"row pubblication\">\n  <div class=\"col-md-4\"><h3>IT &amp; Operating Model<\/h3>\n  <h2 style=\"font-size:20px;\">How To Derive Value From \u201cArtificial Adaptive Systems\u201d<\/h2><img decoding=\"async\" src=\"https:\/\/www.be-tse.it\/wp-content\/uploads\/2014\/08\/CIAMBELLE.jpg\" class=\"img-responsive\"><p style=\"text-align:justify;line-height:18px;height:90px;overflow:hidden;\">&nbsp; Oggi, banche e assicurazioni necessitano del supporto della data governance per disegnare soluzioni ed implementare progetti, mirati a gestire l\u2019esponenziale crescita di dati al fine di [...]\n  <\/p><a href=\"https:\/\/www.be-tse.it\/it\/how-to-derive-value-from-artificial-adaptive-systems\/\" class=\"readmore\">READ MORE<\/a><\/div><div class=\"col-md-4\"><h3>IT &amp; Operating Model<\/h3>\n  <h2 style=\"font-size:20px;\">Banks Need An \u201cHolistic\u201d Approach To Set Up Outsourcing Supervision And Monitoring Systems<\/h2><img decoding=\"async\" src=\"https:\/\/www.be-tse.it\/wp-content\/uploads\/2014\/10\/MONGOLFIERA.jpg\" class=\"img-responsive\"><p style=\"text-align:justify;line-height:18px;height:90px;overflow:hidden;\">&nbsp; Oggi, banche e assicurazioni necessitano del supporto della data governance per disegnare soluzioni ed implementare progetti, mirati a gestire l\u2019esponenziale crescita di dati al fine di [...]\n  <\/p><a href=\"https:\/\/www.be-tse.it\/it\/banks-need-an-holistic-approach-to-set-up-outsourcing-supervision-and-monitoring-systems\/\" class=\"readmore\">READ MORE<\/a><\/div><div class=\"col-md-4\"><h3>Market &amp; Investment Banking<\/h3>\n  <h2 style=\"font-size:20px;\">How To Be Successful In Ambitious IT Transformation In Capital Markets<\/h2><img decoding=\"async\" src=\"https:\/\/www.be-tse.it\/wp-content\/uploads\/2014\/11\/TRICICLO.jpg\" class=\"img-responsive\"><p style=\"text-align:justify;line-height:18px;height:90px;overflow:hidden;\">&nbsp; Oggi, banche e assicurazioni necessitano del supporto della data governance per disegnare soluzioni ed implementare progetti, mirati a gestire l\u2019esponenziale crescita di dati al fine di [...]\n  <\/p><a href=\"https:\/\/www.be-tse.it\/it\/loyalty-is-becoming-the-new-growth-enabler-in-financial-services-2\/\" class=\"readmore\">READ MORE<\/a><\/div>\n<\/div>\n<div class=\"clearBoth\"><\/div>\n","protected":false},"excerpt":{"rendered":"<p>&nbsp; Oggi, banche e assicurazioni necessitano del supporto della data governance per disegnare soluzioni ed implementare progetti, mirati a gestire l\u2019esponenziale crescita di dati al fine di estrarre il vero valore reso disponibile dalle informazioni. Un\u2019efficace data governance porta un ritorno importante in termini di incremento del valore degli investimenti IT e, dal punto di [&hellip;]<\/p>\n","protected":false},"author":4,"featured_media":1040,"parent":7271,"menu_order":0,"comment_status":"closed","ping_status":"closed","template":"page-template-business.php","meta":{"_acf_changed":false,"footnotes":""},"class_list":["post-7273","page","type-page","status-publish","has-post-thumbnail","hentry"],"acf":[],"aioseo_notices":[],"_links":{"self":[{"href":"https:\/\/www.be-tse.it\/it\/wp-json\/wp\/v2\/pages\/7273","targetHints":{"allow":["GET"]}}],"collection":[{"href":"https:\/\/www.be-tse.it\/it\/wp-json\/wp\/v2\/pages"}],"about":[{"href":"https:\/\/www.be-tse.it\/it\/wp-json\/wp\/v2\/types\/page"}],"author":[{"embeddable":true,"href":"https:\/\/www.be-tse.it\/it\/wp-json\/wp\/v2\/users\/4"}],"replies":[{"embeddable":true,"href":"https:\/\/www.be-tse.it\/it\/wp-json\/wp\/v2\/comments?post=7273"}],"version-history":[{"count":6,"href":"https:\/\/www.be-tse.it\/it\/wp-json\/wp\/v2\/pages\/7273\/revisions"}],"predecessor-version":[{"id":13184,"href":"https:\/\/www.be-tse.it\/it\/wp-json\/wp\/v2\/pages\/7273\/revisions\/13184"}],"up":[{"embeddable":true,"href":"https:\/\/www.be-tse.it\/it\/wp-json\/wp\/v2\/pages\/7271"}],"wp:featuredmedia":[{"embeddable":true,"href":"https:\/\/www.be-tse.it\/it\/wp-json\/wp\/v2\/media\/1040"}],"wp:attachment":[{"href":"https:\/\/www.be-tse.it\/it\/wp-json\/wp\/v2\/media?parent=7273"}],"curies":[{"name":"wp","href":"https:\/\/api.w.org\/{rel}","templated":true}]}}