{"id":7271,"date":"2015-11-23T09:22:35","date_gmt":"2015-11-23T08:22:35","guid":{"rendered":"http:\/\/vhtbe04p\/?page_id=7271&#038;lang=it"},"modified":"2016-10-19T14:02:53","modified_gmt":"2016-10-19T12:02:53","slug":"realizzare-le-soluzioni","status":"publish","type":"page","link":"https:\/\/www.be-tse.it\/it\/business\/realizzare-le-soluzioni\/","title":{"rendered":"Realizzare le Soluzioni"},"content":{"rendered":"<p>&nbsp;<\/p>\n<p style=\"text-align: justify;\">Questo \u00e8 evidente in molti casi. I nuovi canali di distribuzione allettano e arricchiscono la <em>customer experience<\/em> diventando un fattore differenziale verso i competitor. Nuove piattaforme di d<em>ata analytics<\/em> consentono di elaborare grandi volumi di dati, al fine di creare proposte di valore, su misura per il cliente. Infine, una migrazione verso grandi piattaforme pu\u00f2 consentire l\u2019introduzione di nuovi modelli operativi e di strategie di riduzione dei costi, vitali in questa nuova era.<\/p>\n<p style=\"text-align: justify;\">Per questo motivo, i progetti in ambito tecnologico non rientrano pi\u00f9 nella sfera operativa. Essi sono diventati una vera questione strategica. Sempre di pi\u00f9, la capacit\u00e0 di progettare e implementare soluzioni IT di elevata qualit\u00e0, diventer\u00e0 un fattore per determinare vincitori e perdenti nell&#8217;industria finanziaria.<\/p>\n<p style=\"text-align: justify;\">Sostenere le banche e gli altri player nell\u2019implementare con successo soluzioni IT \u00e8 quindi estremamente importante. Con la crescente specializzazione all&#8217;interno di ogni settore dei servizi finanziari, i requisiti dettati dai clienti sono diventati estremamente complessi. Competenze funzionali e tecnologiche quasi si confondono e diventano inscindibili in alcune aree. Entrambe risultano essere necessarie per assicurare il successo di progetti di implementazione impegnativi con scadenze sfidanti.<\/p>\n<p style=\"text-align: justify;\">Il nostro valore aggiunto trae forte beneficio dalle competenze verticali di cui disponiamo. I nostri team assicurano l&#8217;eccellenza nell\u2019implementazione di soluzioni complesse in quanto sono in grado di comprendere i requisiti di business, hanno familiarit\u00e0 con le migliori tecnologie e sono abili nel gestire progetti. Queste capacit\u00e0 devono essere tutte e tre disponibili al pi\u00f9 alto livello possibile. Ci\u00f2 \u00e8 indispensabile in aree a forte specializzazione: <em>Capital markets<\/em>, piattaforme <em>front-to-back<\/em>, <em>insurance, data governance<\/em> e <em>analytics<\/em>, soluzioni innovative di <em>front-end<\/em> multicanale.<\/p>\n<p style=\"text-align: justify;\">In tutti questi ambiti, oltre che sulla combinazione di competenze di business e IT, la nostra capacit\u00e0 di delivery si fonda anche sull\u2019utilizzo di metodologie \u201c<em>agile<\/em>\u201d, che stanno gradualmente diventando la regola, andando a sostituire l\u2019approccio tradizionale. Applichiamo tali competenze a tutti i tipi di servizi offerti: <em>outsourcing<\/em> della funzione IT (<em>software-as-a-service<\/em>), sviluppo di soluzioni su misura ed implementazione di soluzioni presenti sul mercato.<\/p>\n<p style=\"text-align: justify;\">I nostri clienti sono tipicamente le pi\u00f9 grandi organizzazioni in ambito finanziario, ovvero quelle con il livello di complessit\u00e0 pi\u00f9 alto. Le sosteniamo guidando progetti critici, sviluppando soluzioni innovative, gestendo applicazioni o piattaforme di servizi e progettando reti per le infrastrutture di supporto.<\/p>\n<p style=\"text-align: justify;\">All&#8217;interno di ogni area specifica assumiamo un ruolo a 360 gradi: eccellere nella progettazione, eseguire analisi basate sulle conoscenze funzionali e di business, utilizzare i migliori specialisti di prodotto e i migliori sviluppatori, coinvolgere gli architetti, gli esperti di reti e gli analisti di sistema pi\u00f9 affidabili.<\/p>\n<p style=\"text-align: justify;\">Conoscere profondamente sia il business che la tecnologia \u00e8 la nostra arma vincente.<\/p>\n<hr \/>\n<h4 class=\"titleHomepage\">APPROFONDIMENTI<\/h4>\n<div class=\"row pubblication\">\n  <div class=\"col-md-4\"><h3>Cards &amp; Loyalty<\/h3>\n  <h2 style=\"font-size:20px;\">Mobile Payment: The New Frontier Of Mobile Banking<\/h2><img decoding=\"async\" src=\"https:\/\/www.be-tse.it\/wp-content\/uploads\/2015\/12\/mappamondo.jpg\" class=\"img-responsive\"><p style=\"text-align:justify;line-height:18px;height:90px;overflow:hidden;\">&nbsp; Questo \u00e8 evidente in molti casi. I nuovi canali di distribuzione allettano e arricchiscono la customer experience diventando un fattore differenziale verso i competitor. Nuove piattaforme [...]\n  <\/p><a href=\"https:\/\/www.be-tse.it\/it\/mobile-payment-the-new-frontier-of-mobile-banking\/\" class=\"readmore\">READ MORE<\/a><\/div><div class=\"col-md-4\"><h3>IT &amp; Operating Model<\/h3>\n  <h2 style=\"font-size:20px;\">How To Derive Value From \u201cArtificial Adaptive Systems\u201d<\/h2><img decoding=\"async\" src=\"https:\/\/www.be-tse.it\/wp-content\/uploads\/2014\/08\/CIAMBELLE.jpg\" class=\"img-responsive\"><p style=\"text-align:justify;line-height:18px;height:90px;overflow:hidden;\">&nbsp; Questo \u00e8 evidente in molti casi. I nuovi canali di distribuzione allettano e arricchiscono la customer experience diventando un fattore differenziale verso i competitor. Nuove piattaforme [...]\n  <\/p><a href=\"https:\/\/www.be-tse.it\/it\/how-to-derive-value-from-artificial-adaptive-systems\/\" class=\"readmore\">READ MORE<\/a><\/div><div class=\"col-md-4\"><h3>IT &amp; Operating Model<\/h3>\n  <h2 style=\"font-size:20px;\">Banks Need An \u201cHolistic\u201d Approach To Set Up Outsourcing Supervision And Monitoring Systems<\/h2><img decoding=\"async\" src=\"https:\/\/www.be-tse.it\/wp-content\/uploads\/2014\/10\/MONGOLFIERA.jpg\" class=\"img-responsive\"><p style=\"text-align:justify;line-height:18px;height:90px;overflow:hidden;\">&nbsp; Questo \u00e8 evidente in molti casi. I nuovi canali di distribuzione allettano e arricchiscono la customer experience diventando un fattore differenziale verso i competitor. Nuove piattaforme [...]\n  <\/p><a href=\"https:\/\/www.be-tse.it\/it\/banks-need-an-holistic-approach-to-set-up-outsourcing-supervision-and-monitoring-systems\/\" class=\"readmore\">READ MORE<\/a><\/div>\n<\/div>\n<div class=\"clearBoth\"><\/div>\n","protected":false},"excerpt":{"rendered":"<p>&nbsp; Questo \u00e8 evidente in molti casi. I nuovi canali di distribuzione allettano e arricchiscono la customer experience diventando un fattore differenziale verso i competitor. Nuove piattaforme di data analytics consentono di elaborare grandi volumi di dati, al fine di creare proposte di valore, su misura per il cliente. Infine, una migrazione verso grandi piattaforme [&hellip;]<\/p>\n","protected":false},"author":4,"featured_media":438,"parent":7246,"menu_order":0,"comment_status":"open","ping_status":"closed","template":"page-template-business.php","meta":{"_acf_changed":false,"footnotes":""},"class_list":["post-7271","page","type-page","status-publish","has-post-thumbnail","hentry"],"acf":[],"aioseo_notices":[],"_links":{"self":[{"href":"https:\/\/www.be-tse.it\/it\/wp-json\/wp\/v2\/pages\/7271","targetHints":{"allow":["GET"]}}],"collection":[{"href":"https:\/\/www.be-tse.it\/it\/wp-json\/wp\/v2\/pages"}],"about":[{"href":"https:\/\/www.be-tse.it\/it\/wp-json\/wp\/v2\/types\/page"}],"author":[{"embeddable":true,"href":"https:\/\/www.be-tse.it\/it\/wp-json\/wp\/v2\/users\/4"}],"replies":[{"embeddable":true,"href":"https:\/\/www.be-tse.it\/it\/wp-json\/wp\/v2\/comments?post=7271"}],"version-history":[{"count":7,"href":"https:\/\/www.be-tse.it\/it\/wp-json\/wp\/v2\/pages\/7271\/revisions"}],"predecessor-version":[{"id":9833,"href":"https:\/\/www.be-tse.it\/it\/wp-json\/wp\/v2\/pages\/7271\/revisions\/9833"}],"up":[{"embeddable":true,"href":"https:\/\/www.be-tse.it\/it\/wp-json\/wp\/v2\/pages\/7246"}],"wp:featuredmedia":[{"embeddable":true,"href":"https:\/\/www.be-tse.it\/it\/wp-json\/wp\/v2\/media\/438"}],"wp:attachment":[{"href":"https:\/\/www.be-tse.it\/it\/wp-json\/wp\/v2\/media?parent=7271"}],"curies":[{"name":"wp","href":"https:\/\/api.w.org\/{rel}","templated":true}]}}