{"id":7261,"date":"2015-11-19T16:46:07","date_gmt":"2015-11-19T15:46:07","guid":{"rendered":"http:\/\/vhtbe04p\/?page_id=7261&#038;lang=it"},"modified":"2015-12-09T10:50:40","modified_gmt":"2015-12-09T09:50:40","slug":"sicurezza-trasparenza","status":"publish","type":"page","link":"https:\/\/www.be-tse.it\/it\/business\/migliorare-le-prestazioni\/sicurezza-trasparenza\/","title":{"rendered":"Securities &#038; Clearing"},"content":{"rendered":"<p>&nbsp;<\/p>\n<p style=\"text-align: justify;\">Per evitare nuove crisi finanziarie e monetarie di impatto sistemico a livello globale, la comunit\u00e0 finanziaria ha imposto che i sistemi di pagamento al dettaglio e all&#8217;ingrosso evolvano privilegiando lo sviluppo di forme di mercato garantite da titoli.<\/p>\n<p style=\"text-align: justify;\">Le attuali modalit\u00e0 di gestione delle garanzie, mostrano inefficienze interne (cio\u00e8 legate al modello di business specifico di ciascun attore di mercato) ed esterne (cio\u00e8 determinate dai mercati e delle piattaforme). Queste inefficienze sono stimate in circa 4 miliardi di euro all&#8217;anno, di cui, circa il 10%, provenienti da processi di <em>over-collateralisation<\/em> cio\u00e8 dall\u2019utilizzo di pi\u00f9 garanzie di quante effettivamente necessarie.<\/p>\n<p style=\"text-align: justify;\">Per questo, la Commissione Europea e la Banca Centrale Europea mirano a creare le condizioni ottimali per un mercato quanto pi\u00f9 efficiente e trasparente possibile, in grado di assicurare la pronta liquidabilit\u00e0 di strumenti finanziari rappresentati da titoli. Con questo obiettivo sono state concepite rispettivamente MIFID I e II, EMIR, CSD Regulation e PSD.\u00a0 Tali normative assicurano la costituzione di un mercato unico europeo degli strumenti finanziari, che passa per l\u2019armonizzazione regolamentare delle quattro fasi principali delle operazioni in titoli (negoziazione, compensazione, regolamento titoli e regolamento <em>cash<\/em>).<\/p>\n<p style=\"text-align: justify;\">La revisione di Basilea II e III, SEPA (un efficiente sistema dei pagamenti al dettaglio), TARGET 2 (pagamenti all\u2019ingrosso), CCBM (un sistema di trasferimento e di gestione delle garanzie a supporto delle attivit\u00e0 di pagamento) e, infine, TARGET 2-Securities o T2S (un sistema di regolamento titoli integrato con il mondo dei pagamenti all\u2019ingrosso e capace di assicurare la necessaria liquidit\u00e0 al mercato), possono essere considerate come le colonne portanti del sistema di pagamenti europeo. Tutti questi nuovi sistemi impattano significativamente sule iniziative di banche, imprese di investimento, banche centrali, depositari centrali nazionali o mercati.<\/p>\n<p style=\"text-align: justify;\">Tradizionalmente, ogni operatore bancario poteva pianificare autonomamente i propri interventi organizzativi e i conseguenti investimenti. Tali interventi risultavano quindi personalizzati per ogni banca. Il nuovo contesto normativo, invece, richiede cambiamenti obbligatori, che devono essere implementati in una finestra temporale che si sta sempre pi\u00f9 stringendo.<\/p>\n<hr \/>\n<h4 class=\"titleHomepage\">APPROFONDIMENTI<\/h4>\n<div class=\"row pubblication\">\n  <div class=\"col-md-4\"><h3>Transaction Banking &amp; Securities<\/h3>\n  <h2 style=\"font-size:20px;\">Central Counterparty Clearing Reduces Market Risk<\/h2><img decoding=\"async\" src=\"https:\/\/www.be-tse.it\/wp-content\/uploads\/2015\/09\/mattoni.png\" class=\"img-responsive\"><p style=\"text-align:justify;line-height:18px;height:90px;overflow:hidden;\">&nbsp; Per evitare nuove crisi finanziarie e monetarie di impatto sistemico a livello globale, la comunit\u00e0 finanziaria ha imposto che i sistemi di pagamento al dettaglio e [...]\n  <\/p><a href=\"https:\/\/www.be-tse.it\/it\/central-counterparty-clearing-reduces-market-risk\/\" class=\"readmore\">READ MORE<\/a><\/div><div class=\"col-md-4\"><h3>Transaction Banking &amp; Securities<\/h3>\n  <h2 style=\"font-size:20px;\">EU Launches New Short Selling Regulation<\/h2><img decoding=\"async\" src=\"https:\/\/www.be-tse.it\/wp-content\/uploads\/2015\/09\/LEADERSHIP.png\" class=\"img-responsive\"><p style=\"text-align:justify;line-height:18px;height:90px;overflow:hidden;\">&nbsp; Per evitare nuove crisi finanziarie e monetarie di impatto sistemico a livello globale, la comunit\u00e0 finanziaria ha imposto che i sistemi di pagamento al dettaglio e [...]\n  <\/p><a href=\"https:\/\/www.be-tse.it\/it\/eu-launches-new-short-selling-regulation\/\" class=\"readmore\">READ MORE<\/a><\/div><div class=\"col-md-4\"><h3>Transaction Banking &amp; Securities<\/h3>\n  <h2 style=\"font-size:20px;\">The Impact Of T2S Is About To Reshape Securities And Payments Industries In Europe<\/h2><img decoding=\"async\" src=\"https:\/\/www.be-tse.it\/wp-content\/uploads\/2014\/11\/STRADA.jpg\" class=\"img-responsive\"><p style=\"text-align:justify;line-height:18px;height:90px;overflow:hidden;\">&nbsp; Per evitare nuove crisi finanziarie e monetarie di impatto sistemico a livello globale, la comunit\u00e0 finanziaria ha imposto che i sistemi di pagamento al dettaglio e [...]\n  <\/p><a href=\"https:\/\/www.be-tse.it\/it\/the-impact-of-t2s-is-about-to-reshape-securities-and-payments-industries-in-europe\/\" class=\"readmore\">READ MORE<\/a><\/div>\n<\/div>\n<div class=\"clearBoth\"><\/div>\n","protected":false},"excerpt":{"rendered":"<p>&nbsp; Per evitare nuove crisi finanziarie e monetarie di impatto sistemico a livello globale, la comunit\u00e0 finanziaria ha imposto che i sistemi di pagamento al dettaglio e all&#8217;ingrosso evolvano privilegiando lo sviluppo di forme di mercato garantite da titoli. Le attuali modalit\u00e0 di gestione delle garanzie, mostrano inefficienze interne (cio\u00e8 legate al modello di business [&hellip;]<\/p>\n","protected":false},"author":4,"featured_media":432,"parent":7198,"menu_order":0,"comment_status":"closed","ping_status":"closed","template":"page-template-business.php","meta":{"_acf_changed":false,"footnotes":""},"class_list":["post-7261","page","type-page","status-publish","has-post-thumbnail","hentry"],"acf":[],"aioseo_notices":[],"_links":{"self":[{"href":"https:\/\/www.be-tse.it\/it\/wp-json\/wp\/v2\/pages\/7261","targetHints":{"allow":["GET"]}}],"collection":[{"href":"https:\/\/www.be-tse.it\/it\/wp-json\/wp\/v2\/pages"}],"about":[{"href":"https:\/\/www.be-tse.it\/it\/wp-json\/wp\/v2\/types\/page"}],"author":[{"embeddable":true,"href":"https:\/\/www.be-tse.it\/it\/wp-json\/wp\/v2\/users\/4"}],"replies":[{"embeddable":true,"href":"https:\/\/www.be-tse.it\/it\/wp-json\/wp\/v2\/comments?post=7261"}],"version-history":[{"count":6,"href":"https:\/\/www.be-tse.it\/it\/wp-json\/wp\/v2\/pages\/7261\/revisions"}],"predecessor-version":[{"id":9487,"href":"https:\/\/www.be-tse.it\/it\/wp-json\/wp\/v2\/pages\/7261\/revisions\/9487"}],"up":[{"embeddable":true,"href":"https:\/\/www.be-tse.it\/it\/wp-json\/wp\/v2\/pages\/7198"}],"wp:featuredmedia":[{"embeddable":true,"href":"https:\/\/www.be-tse.it\/it\/wp-json\/wp\/v2\/media\/432"}],"wp:attachment":[{"href":"https:\/\/www.be-tse.it\/it\/wp-json\/wp\/v2\/media?parent=7261"}],"curies":[{"name":"wp","href":"https:\/\/api.w.org\/{rel}","templated":true}]}}