{"id":7254,"date":"2015-11-19T16:28:26","date_gmt":"2015-11-19T15:28:26","guid":{"rendered":"http:\/\/vhtbe04p\/?page_id=7254&#038;lang=it"},"modified":"2015-12-09T10:46:21","modified_gmt":"2015-12-09T09:46:21","slug":"mercato-dei-capitali","status":"publish","type":"page","link":"https:\/\/www.be-tse.it\/it\/business\/migliorare-le-prestazioni\/mercato-dei-capitali\/","title":{"rendered":"Capital Markets"},"content":{"rendered":"<p>&nbsp;<\/p>\n<p style=\"text-align: justify;\">Molti attori sono stati costretti a diventare di nicchia e fornire ai propri clienti prodotti e servizi personalizzati ad alto rendimento. Altri hanno puntato su modelli di espansione mirati al raggiungimento di alti volumi. In entrambi i casi, mantenere lo status quo non \u00e8 pi\u00f9 un&#8217;opzione perseguibile.<\/p>\n<p style=\"text-align: justify;\">Una strategia di distribuzione che sfrutti i nuovi canali, \u00e8 diventata un fattore chiave di successo sia per prodotti <em>off- the-shelf<\/em> che per servizi su misura. I nuovi canali, infatti, \u00a0rappresentano l&#8217;unico modo per ridurre il <em>cost-to-serve<\/em>. Per i servizi su misura, la distribuzione digitale consente di fornire servizi innovativi e <em>customer experience<\/em> che creano un differenziale competitivo rispetto alla concorrenza. Il nuovo motto \u00e8 dunque: &#8220;in qualsiasi luogo, in qualsiasi momento&#8221;.<\/p>\n<p style=\"text-align: justify;\">La gestione del rischio \u00e8 un punto di particolare attenzione. Un&#8217;organizzazione deve necessariamente allineare i processi di business in modo da adeguarsi al contesto normativo in continua evoluzione. Nuove norme richiedono alle banche d&#8217;investimento la creazione di nuovi modelli di <em>governance<\/em> e procedure di monitoraggio pi\u00f9 attente.<\/p>\n<p style=\"text-align: justify;\">La vera sfida per le banche di investimento \u00e8 promuovere un cambiamento culturale diffuso, che consenta una chiara misurazione del <em>cost-of-risk<\/em> e si basi su una visione <em>end-to-end<\/em> dei processi e dei controlli. La <em>compliance<\/em> \u00e8 molto pi\u00f9 di una serie di requisiti obbligatori. \u00c8, infatti, l&#8217;occasione per ripensare interamente il quadro operativo e la strategia di un\u2019organizzazione.<\/p>\n<p style=\"text-align: justify;\">La tecnologia e i <em>big data<\/em> consentono una corretta gestione del rischio. Quasi come un esercizio di <em>reverse engineering<\/em> molte banche stanno iniziando ad allineare i <em>framework<\/em> aziendali al contesto tecnologico. Il processo passa dalla trasformazione delle architetture di <em>front<\/em>, <em>middle<\/em> e <em>back office<\/em> da strutture verticali specializzate per prodotto a sistemi <em>cross-product<\/em>. Ci\u00f2 permette di essere pi\u00f9 reattivi nell\u2019innovazione del prodotto e nell\u2019industrializzazione dei processi. Le banche di investimento devono, inoltre, valorizzare i propri dati in modo da supportare i processi di monitoraggio del rischio e la creazione di modelli di <em>pricing<\/em> efficaci.<\/p>\n<hr \/>\n<h4 class=\"titleHomepage\">APPROFONDIMENTI<\/h4>\n<div class=\"row pubblication\">\n  <div class=\"col-md-4\"><h3>Market &amp; Investment Banking<\/h3>\n  <h2 style=\"font-size:20px;\">How To Be Successful In Ambitious IT Transformation In Capital Markets<\/h2><img decoding=\"async\" src=\"https:\/\/www.be-tse.it\/wp-content\/uploads\/2014\/11\/TRICICLO.jpg\" class=\"img-responsive\"><p style=\"text-align:justify;line-height:18px;height:90px;overflow:hidden;\">&nbsp; Molti attori sono stati costretti a diventare di nicchia e fornire ai propri clienti prodotti e servizi personalizzati ad alto rendimento. Altri hanno puntato su modelli [...]\n  <\/p><a href=\"https:\/\/www.be-tse.it\/it\/loyalty-is-becoming-the-new-growth-enabler-in-financial-services-2\/\" class=\"readmore\">READ MORE<\/a><\/div><div class=\"col-md-4\"><h3>Transaction Banking &amp; Securities<\/h3>\n  <h2 style=\"font-size:20px;\">Central Counterparty Clearing Reduces Market Risk<\/h2><img decoding=\"async\" src=\"https:\/\/www.be-tse.it\/wp-content\/uploads\/2015\/09\/mattoni.png\" class=\"img-responsive\"><p style=\"text-align:justify;line-height:18px;height:90px;overflow:hidden;\">&nbsp; Molti attori sono stati costretti a diventare di nicchia e fornire ai propri clienti prodotti e servizi personalizzati ad alto rendimento. Altri hanno puntato su modelli [...]\n  <\/p><a href=\"https:\/\/www.be-tse.it\/it\/central-counterparty-clearing-reduces-market-risk\/\" class=\"readmore\">READ MORE<\/a><\/div><div class=\"col-md-4\"><h3>Transaction Banking &amp; Securities<\/h3>\n  <h2 style=\"font-size:20px;\">EU Launches New Short Selling Regulation<\/h2><img decoding=\"async\" src=\"https:\/\/www.be-tse.it\/wp-content\/uploads\/2015\/09\/LEADERSHIP.png\" class=\"img-responsive\"><p style=\"text-align:justify;line-height:18px;height:90px;overflow:hidden;\">&nbsp; Molti attori sono stati costretti a diventare di nicchia e fornire ai propri clienti prodotti e servizi personalizzati ad alto rendimento. Altri hanno puntato su modelli [...]\n  <\/p><a href=\"https:\/\/www.be-tse.it\/it\/eu-launches-new-short-selling-regulation\/\" class=\"readmore\">READ MORE<\/a><\/div>\n<\/div>\n<div class=\"clearBoth\"><\/div>\n","protected":false},"excerpt":{"rendered":"<p>&nbsp; Molti attori sono stati costretti a diventare di nicchia e fornire ai propri clienti prodotti e servizi personalizzati ad alto rendimento. Altri hanno puntato su modelli di espansione mirati al raggiungimento di alti volumi. In entrambi i casi, mantenere lo status quo non \u00e8 pi\u00f9 un&#8217;opzione perseguibile. Una strategia di distribuzione che sfrutti i [&hellip;]<\/p>\n","protected":false},"author":4,"featured_media":1036,"parent":7198,"menu_order":0,"comment_status":"closed","ping_status":"closed","template":"page-template-business.php","meta":{"_acf_changed":false,"footnotes":""},"class_list":["post-7254","page","type-page","status-publish","has-post-thumbnail","hentry"],"acf":[],"aioseo_notices":[],"_links":{"self":[{"href":"https:\/\/www.be-tse.it\/it\/wp-json\/wp\/v2\/pages\/7254","targetHints":{"allow":["GET"]}}],"collection":[{"href":"https:\/\/www.be-tse.it\/it\/wp-json\/wp\/v2\/pages"}],"about":[{"href":"https:\/\/www.be-tse.it\/it\/wp-json\/wp\/v2\/types\/page"}],"author":[{"embeddable":true,"href":"https:\/\/www.be-tse.it\/it\/wp-json\/wp\/v2\/users\/4"}],"replies":[{"embeddable":true,"href":"https:\/\/www.be-tse.it\/it\/wp-json\/wp\/v2\/comments?post=7254"}],"version-history":[{"count":5,"href":"https:\/\/www.be-tse.it\/it\/wp-json\/wp\/v2\/pages\/7254\/revisions"}],"predecessor-version":[{"id":9484,"href":"https:\/\/www.be-tse.it\/it\/wp-json\/wp\/v2\/pages\/7254\/revisions\/9484"}],"up":[{"embeddable":true,"href":"https:\/\/www.be-tse.it\/it\/wp-json\/wp\/v2\/pages\/7198"}],"wp:featuredmedia":[{"embeddable":true,"href":"https:\/\/www.be-tse.it\/it\/wp-json\/wp\/v2\/media\/1036"}],"wp:attachment":[{"href":"https:\/\/www.be-tse.it\/it\/wp-json\/wp\/v2\/media?parent=7254"}],"curies":[{"name":"wp","href":"https:\/\/api.w.org\/{rel}","templated":true}]}}