{"id":7204,"date":"2015-11-17T14:47:49","date_gmt":"2015-11-17T13:47:49","guid":{"rendered":"http:\/\/vhtbe04p\/?page_id=7204"},"modified":"2015-12-09T10:35:09","modified_gmt":"2015-12-09T09:35:09","slug":"rischio-conformita","status":"publish","type":"page","link":"https:\/\/www.be-tse.it\/it\/business\/migliorare-le-prestazioni\/rischio-conformita\/","title":{"rendered":"Risk &#038; Compliance"},"content":{"rendered":"<p>&nbsp;<\/p>\n<p style=\"text-align: justify;\">Le istituzioni finanziarie, oggi, sono sottoposte a una forte pressione per creare una struttura organizzativa responsabile, che eviti il ripetersi di crisi finanziarie in futuro. L\u2019introduzione della MiFiD andr\u00e0 a rinforzare ulteriormente il livello di protezione del, cliente definito dagli Accordi di Basilea e dal regolamento EMIR. La mancanza di armonia normativa tra i paesi europei rappresenta un altro test importante per le banche, come dimostrato dagli aggiornamenti apportato alla MiFID e al Dodd Frank Act. Questo sta mettendo a dura prova i player finanziari con obiettivi internazionali. La sfida delle banche \u00e8 quindi quella di trovare soluzioni economicamente sostenibili, che garantiscano la conformit\u00e0 ai requisiti pur mantenendo i processi redditizi per l\u2019azienda.<\/p>\n<p style=\"text-align: justify;\">Nuove norme dedicate all&#8217;industria dei pagamenti sono state introdotte per migliorare sicurezza e trasparenza, per prevenire frodi e incoraggiare l&#8217;innovazione.\u00a0 Mentre SEPA continua a impegnare le banche, introducendo nuovi regolamenti sulla migrazione dei conti della PSD2, \u00e8 gi\u00e0 possibile identificare le aree che, con ogni probabilit\u00e0, subiranno una revisione normativa nel prossimo futuro. Tra queste: l\u2019accesso ai conti bancari, la sicurezza online e la trasferibilit\u00e0 dei conti. L&#8217;obiettivo del regolatore \u00e8 di aumentare la concorrenza sul mercato e migliorare la trasparenza dei servizi bancari offerti alla clientela.<\/p>\n<p style=\"text-align: justify;\">Banche e assicurazioni reagiscono, per lo pi\u00f9, con un approccio orientato al breve termine. Ci sono diverse ragioni per spiegare questo tipo di approccio. In primo luogo il tempo per adeguarsi alle nuove norme \u00e8 spesso breve e questo crea la necessit\u00e0 di trovare una soluzione che permetta di rispettare le scadenze stringenti con costi di implementazione ridotti. In secondo luogo, le banche e le compagnie assicurative sembrano non comprendere il quadro normativo generale e non vedono le opportunit\u00e0 di business che ne possono derivare.<\/p>\n<p style=\"text-align: justify;\">Ovviamente questo approccio \u00e8 sbagliato. I requisiti di <em>compliance<\/em> sono fatti per rimanere e trasformare il modo in cui gestire il business all\u2019interno del settore finanziario. La trasformazione deve quindi essere pi\u00f9 profonda di un semplice adempimento agli obblighi di legge. La <em>compliance<\/em> \u00e8 destinata a diventare uno dei principali fattori di successo sul mercato dei servizi finanziari.<\/p>\n<p style=\"text-align: justify;\">Le banche e le compagnie assicurative devono arrivare ad avere una visione globale del sistema normativo. Adottando un approccio olistico, gli attori del settore, possono implementare quello di cui hanno realmente bisogno: banche dati comuni e un sistema di controlli avanzati e <em>data quality<\/em> in grado di rispondere, attraverso un&#8217;unica soluzione, a molteplici tipologie di cambiamenti normativi.<\/p>\n<p style=\"text-align: justify;\">Da questo punto di vista, la <em>compliance<\/em>, diventa una leva strategica che pu\u00f2 portare innovazione nel business dell\u2019azienda. Possiamo facilmente intuire il valore che la <em>compliance<\/em> \u00e8 in grado di creare per il cliente, pensando ai nuovi prodotti emessi a seguito alle recenti normative (ad esempio i nuovi servizi di regolamento per i derivati).<\/p>\n<p style=\"text-align: justify;\">Le aziende che arriveranno a far propri questi concetti avranno un sicuro successo nel settore finanziario.<\/p>\n<p style=\"text-align: justify;\">Dovranno cambiare il proprio approccio e creare valore per i clienti dagli investimenti fatti per adeguarsi agli obblighi normativi. Se lo faranno otterranno un grande vantaggio competitivo in molti settori, dagli investimenti ai servizi bancari <em>retail<\/em>, cos\u00ec come nel settore assicurativo.<\/p>\n<p style=\"text-align: justify;\">\n<hr>\n<h4 class=\"titleHomepage\">APPROFONDIMENTI<\/h4>\n<div class=\"row pubblication\">\n  <div class=\"col-md-4\"><h3>IT &amp; Operating Model<\/h3>\n  <h2 style=\"font-size:20px;\">In-Depth Investigations Can help Banks Preventing Frauds On Public Funds Allocation<\/h2><img decoding=\"async\" src=\"https:\/\/www.be-tse.it\/wp-content\/uploads\/2015\/09\/cielo.png\" class=\"img-responsive\"><p style=\"text-align:justify;line-height:18px;height:90px;overflow:hidden;\">&nbsp; Le istituzioni finanziarie, oggi, sono sottoposte a una forte pressione per creare una struttura organizzativa responsabile, che eviti il ripetersi di crisi finanziarie in futuro. L\u2019introduzione [...]\n  <\/p><a href=\"https:\/\/www.be-tse.it\/it\/in-depth-investigations-can-help-banks-preventing-frauds-on-public-funds-allocation\/\" class=\"readmore\">READ MORE<\/a><\/div><div class=\"col-md-4\"><h3>Risk &amp; Compliance<\/h3>\n  <h2 style=\"font-size:20px;\">Compliance Alignment Is A Real Opportunity To Create Business Value<\/h2><img decoding=\"async\" src=\"https:\/\/www.be-tse.it\/wp-content\/uploads\/2015\/09\/MULINO.jpg\" class=\"img-responsive\"><p style=\"text-align:justify;line-height:18px;height:90px;overflow:hidden;\">&nbsp; Le istituzioni finanziarie, oggi, sono sottoposte a una forte pressione per creare una struttura organizzativa responsabile, che eviti il ripetersi di crisi finanziarie in futuro. L\u2019introduzione [...]\n  <\/p><a href=\"https:\/\/www.be-tse.it\/it\/compliance-alignment-is-a-real-opportunity-to-create-business-value\/\" class=\"readmore\">READ MORE<\/a><\/div><div class=\"col-md-4\"><h3>Risk &amp; Compliance<\/h3>\n  <h2 style=\"font-size:20px;\">Is GRC  Just Another Acronym Or A Real Opportunity?<\/h2><img decoding=\"async\" src=\"https:\/\/www.be-tse.it\/wp-content\/uploads\/2014\/08\/PIANTINA-SOLDI.jpg\" class=\"img-responsive\"><p style=\"text-align:justify;line-height:18px;height:90px;overflow:hidden;\">&nbsp; Le istituzioni finanziarie, oggi, sono sottoposte a una forte pressione per creare una struttura organizzativa responsabile, che eviti il ripetersi di crisi finanziarie in futuro. L\u2019introduzione [...]\n  <\/p><a href=\"https:\/\/www.be-tse.it\/it\/is-grc-just-another-acronym-or-a-real-opportunity\/\" class=\"readmore\">READ MORE<\/a><\/div>\n<\/div>\n<div class=\"clearBoth\"><\/div>\n","protected":false},"excerpt":{"rendered":"<p>&nbsp; Le istituzioni finanziarie, oggi, sono sottoposte a una forte pressione per creare una struttura organizzativa responsabile, che eviti il ripetersi di crisi finanziarie in futuro. L\u2019introduzione della MiFiD andr\u00e0 a rinforzare ulteriormente il livello di protezione del, cliente definito dagli Accordi di Basilea e dal regolamento EMIR. La mancanza di armonia normativa tra i [&hellip;]<\/p>\n","protected":false},"author":4,"featured_media":1039,"parent":7198,"menu_order":0,"comment_status":"closed","ping_status":"closed","template":"page-template-business.php","meta":{"_acf_changed":false,"footnotes":""},"class_list":["post-7204","page","type-page","status-publish","has-post-thumbnail","hentry"],"acf":[],"aioseo_notices":[],"_links":{"self":[{"href":"https:\/\/www.be-tse.it\/it\/wp-json\/wp\/v2\/pages\/7204","targetHints":{"allow":["GET"]}}],"collection":[{"href":"https:\/\/www.be-tse.it\/it\/wp-json\/wp\/v2\/pages"}],"about":[{"href":"https:\/\/www.be-tse.it\/it\/wp-json\/wp\/v2\/types\/page"}],"author":[{"embeddable":true,"href":"https:\/\/www.be-tse.it\/it\/wp-json\/wp\/v2\/users\/4"}],"replies":[{"embeddable":true,"href":"https:\/\/www.be-tse.it\/it\/wp-json\/wp\/v2\/comments?post=7204"}],"version-history":[{"count":5,"href":"https:\/\/www.be-tse.it\/it\/wp-json\/wp\/v2\/pages\/7204\/revisions"}],"predecessor-version":[{"id":9482,"href":"https:\/\/www.be-tse.it\/it\/wp-json\/wp\/v2\/pages\/7204\/revisions\/9482"}],"up":[{"embeddable":true,"href":"https:\/\/www.be-tse.it\/it\/wp-json\/wp\/v2\/pages\/7198"}],"wp:featuredmedia":[{"embeddable":true,"href":"https:\/\/www.be-tse.it\/it\/wp-json\/wp\/v2\/media\/1039"}],"wp:attachment":[{"href":"https:\/\/www.be-tse.it\/it\/wp-json\/wp\/v2\/media?parent=7204"}],"curies":[{"name":"wp","href":"https:\/\/api.w.org\/{rel}","templated":true}]}}