{"id":7198,"date":"2015-11-17T14:26:37","date_gmt":"2015-11-17T13:26:37","guid":{"rendered":"http:\/\/vhtbe04p\/?page_id=7198"},"modified":"2015-12-18T17:21:17","modified_gmt":"2015-12-18T16:21:17","slug":"migliorare-le-prestazioni","status":"publish","type":"page","link":"https:\/\/www.be-tse.it\/it\/business\/migliorare-le-prestazioni\/","title":{"rendered":"Migliorare le Prestazioni"},"content":{"rendered":"<p>&nbsp;<\/p>\n<p style=\"text-align: justify;\">I servizi professionali, progettati per supportare efficacemente le banche e gli altri attori finanziari, devono avere un fattore specifico in comune: la capacit\u00e0 di &#8220;far accadere le cose&#8221;.<\/p>\n<p style=\"text-align: justify;\">Un elemento chiave per far s\u00ec che ci\u00f2 accada \u00e8 la conoscenza del settore. Operiamo esclusivamente nel settore bancario e assicurativo e ci consideriamo parte integrante di questa industria. I nostri servizi di consulenza si differenziano perch\u00e9 basati esclusivamente su competenze &#8220;verticali&#8221; nei diversi segmenti e specializzazioni del settore dei Servizi Finanziari.<\/p>\n<p style=\"text-align: justify;\">Il livello di sostegno che siamo in grado di fornire deriva dal fatto che i nostri consulenti sono veri professionisti del settore. Essi sono selezionati tra gli individui pi\u00f9 in vista nelle diverse aree (es: carte, titoli, <em>asset management<\/em> e cos\u00ec via) e ci assicuriamo che possano costantemente eccellere in quello che fanno. Anche i nostri consulenti junior sono formati verso la specializzazione nel settore, considerata un prerequisito fondamentale per i progressi di carriera.<\/p>\n<p style=\"text-align: justify;\">La conoscenza sta alla base di tutto, ma deve essere accompagnata da energia e capacit\u00e0 di gestire il cambiamento. I nostri team sono esperti nel sostenere le principali organizzazioni operanti nei Servizi Finanziari e le conoscono dall\u2019interno. Comprendiamo la complessit\u00e0 e ci piace trattarla, che dipenda da fattori operativi, geografici o tecnologici. \u00c8 il nostro terreno di gioco preferito.<\/p>\n<p style=\"text-align: justify;\">I servizi di consulenza possono portare l\u2019eccellenza all\u2019interno degli istituti finanziari solo se combinano la conoscenza dell&#8217;industria alla capacit\u00e0 di gestire il cambiamento. Questo \u00e8 ci\u00f2 di cui le aziende hanno bisogno oggi, in diverse aree del business e nei relativi modelli operativi, per poter affrontare le sfide di un contesto in evoluzione.<\/p>\n<p style=\"text-align: justify;\">Sul fronte commerciale, questo pu\u00f2 voler dire sviluppare nuove forme di interazione con i clienti, nuovi prodotti o riprogettare i processi tradizionali.<\/p>\n<p style=\"text-align: justify;\">Sul piano operativo, la necessit\u00e0 di sostegno non \u00e8 certamente inferiore. Oggi, per chi opera in questo settore, il successo di una strategia innovativa dipende interamente dalla prioria capacit\u00e0 di gestire la trasformazione del business. Dove per trasformazione del business si intende la capacit\u00e0 di evolvere, in modo rapido ed efficace, la propria struttura operativa per supportare i nuovi modelli di business.<\/p>\n<p style=\"text-align: justify;\">Ci\u00f2 include il rispetto dei requisiti normativi (<em>compliance<\/em>) che &#8211; come noto &#8211; \u00e8 diventata rapidamente la principale voce di investimento per le banche e gli altri attori finanziari. Le banche, In questo contesto, potranno ottenere un grande vantaggio competitivo se saranno in grado di guardare oltre alla semplice <em>compliance<\/em>. Costruendo sistemi e soluzioni che, oltre a garantire l&#8217;adempimento di requisiti normativi, generino un reale valore al cliente.<\/p>\n<p style=\"text-align: justify;\">Amiamo dare il nostro contributo affinch\u00e9 tutto ci\u00f2 sia possibile.<\/p>\n<hr>\n<h4 class=\"titleHomepage\">APPROFONDIMENTI<\/h4>\n<div class=\"row pubblication\">\n  <div class=\"col-md-4\"><h3>Cards &amp; Loyalty<\/h3>\n  <h2 style=\"font-size:20px;\">Italian Prepaid Card Market: Any Room For Growth?<\/h2><img decoding=\"async\" src=\"https:\/\/www.be-tse.it\/wp-content\/uploads\/2015\/09\/palle.png\" class=\"img-responsive\"><p style=\"text-align:justify;line-height:18px;height:90px;overflow:hidden;\">&nbsp; I servizi professionali, progettati per supportare efficacemente le banche e gli altri attori finanziari, devono avere un fattore specifico in comune: la capacit\u00e0 di &#8220;far accadere [...]\n  <\/p><a href=\"https:\/\/www.be-tse.it\/it\/italian-prepaid-card-market-any-room-for-growth\/\" class=\"readmore\">READ MORE<\/a><\/div><div class=\"col-md-4\"><h3>IT &amp; Operating Model<\/h3>\n  <h2 style=\"font-size:20px;\">Paperless Operations, What\u2019s The Real Challenge?<\/h2><img decoding=\"async\" src=\"https:\/\/www.be-tse.it\/wp-content\/uploads\/2015\/09\/LUCI.jpg\" class=\"img-responsive\"><p style=\"text-align:justify;line-height:18px;height:90px;overflow:hidden;\">&nbsp; I servizi professionali, progettati per supportare efficacemente le banche e gli altri attori finanziari, devono avere un fattore specifico in comune: la capacit\u00e0 di &#8220;far accadere [...]\n  <\/p><a href=\"https:\/\/www.be-tse.it\/it\/paperless-operations-whats-the-real-challenge\/\" class=\"readmore\">READ MORE<\/a><\/div><div class=\"col-md-4\"><h3>Market &amp; Investment Banking<\/h3>\n  <h2 style=\"font-size:20px;\">How To Be Successful In Ambitious IT Transformation In Capital Markets<\/h2><img decoding=\"async\" src=\"https:\/\/www.be-tse.it\/wp-content\/uploads\/2014\/11\/TRICICLO.jpg\" class=\"img-responsive\"><p style=\"text-align:justify;line-height:18px;height:90px;overflow:hidden;\">&nbsp; I servizi professionali, progettati per supportare efficacemente le banche e gli altri attori finanziari, devono avere un fattore specifico in comune: la capacit\u00e0 di &#8220;far accadere [...]\n  <\/p><a href=\"https:\/\/www.be-tse.it\/it\/loyalty-is-becoming-the-new-growth-enabler-in-financial-services-2\/\" class=\"readmore\">READ MORE<\/a><\/div>\n<\/div>\n<div class=\"clearBoth\"><\/div>\n","protected":false},"excerpt":{"rendered":"<p>&nbsp; I servizi professionali, progettati per supportare efficacemente le banche e gli altri attori finanziari, devono avere un fattore specifico in comune: la capacit\u00e0 di &#8220;far accadere le cose&#8221;. Un elemento chiave per far s\u00ec che ci\u00f2 accada \u00e8 la conoscenza del settore. Operiamo esclusivamente nel settore bancario e assicurativo e ci consideriamo parte integrante [&hellip;]<\/p>\n","protected":false},"author":4,"featured_media":479,"parent":7246,"menu_order":0,"comment_status":"closed","ping_status":"closed","template":"page-template-business.php","meta":{"_acf_changed":false,"footnotes":""},"class_list":["post-7198","page","type-page","status-publish","has-post-thumbnail","hentry"],"acf":[],"aioseo_notices":[],"_links":{"self":[{"href":"https:\/\/www.be-tse.it\/it\/wp-json\/wp\/v2\/pages\/7198","targetHints":{"allow":["GET"]}}],"collection":[{"href":"https:\/\/www.be-tse.it\/it\/wp-json\/wp\/v2\/pages"}],"about":[{"href":"https:\/\/www.be-tse.it\/it\/wp-json\/wp\/v2\/types\/page"}],"author":[{"embeddable":true,"href":"https:\/\/www.be-tse.it\/it\/wp-json\/wp\/v2\/users\/4"}],"replies":[{"embeddable":true,"href":"https:\/\/www.be-tse.it\/it\/wp-json\/wp\/v2\/comments?post=7198"}],"version-history":[{"count":5,"href":"https:\/\/www.be-tse.it\/it\/wp-json\/wp\/v2\/pages\/7198\/revisions"}],"predecessor-version":[{"id":9475,"href":"https:\/\/www.be-tse.it\/it\/wp-json\/wp\/v2\/pages\/7198\/revisions\/9475"}],"up":[{"embeddable":true,"href":"https:\/\/www.be-tse.it\/it\/wp-json\/wp\/v2\/pages\/7246"}],"wp:featuredmedia":[{"embeddable":true,"href":"https:\/\/www.be-tse.it\/it\/wp-json\/wp\/v2\/media\/479"}],"wp:attachment":[{"href":"https:\/\/www.be-tse.it\/it\/wp-json\/wp\/v2\/media?parent=7198"}],"curies":[{"name":"wp","href":"https:\/\/api.w.org\/{rel}","templated":true}]}}