{"id":14420,"date":"2022-09-26T16:39:36","date_gmt":"2022-09-26T14:39:36","guid":{"rendered":"http:\/\/www.be-tse.it\/?page_id=14420"},"modified":"2022-09-26T16:57:16","modified_gmt":"2022-09-26T14:57:16","slug":"disclaimer-opa-engineering","status":"publish","type":"page","link":"https:\/\/www.be-tse.it\/it\/disclaimer-opa-engineering\/","title":{"rendered":"Disclaimer OPA Engineering"},"content":{"rendered":"<p><meta http-equiv=\"Content-Type\" content=\"text\/html; charset=utf-8\" \/>\n<link rel=\"stylesheet\" type=\"text\/css\" href=\"\/wp-content\/themes\/betse\/assets\/css\/jquery-filestyle.min.css\">\n<link rel=\"stylesheet\" type=\"text\/css\" href=\"\/wp-content\/themes\/betse\/assets\/css\/styleCaptcha.css\">\n<script type=\"text\/javascript\" src=\"\/wp-content\/themes\/betse\/assets\/js\/jquery.ebcaptcha.js\"><\/script><br \/>\n<script src='https:\/\/www.google.com\/recaptcha\/api.js' async defer ><\/script><br \/>\n<script src=\"\/wp-content\/themes\/betse\/assets\/js\/jquery-filestyle.min.js\"><\/script><br \/>\n<script src=\"\/\/code.jquery.com\/ui\/1.11.4\/jquery-ui.js\"><\/script><script>\/\/ <![CDATA[\n\n\/\/ ]]><\/script><\/p>\n<style>\n  .privacy{\n  \tfont-weight:normal;\n  \tfont-size:10px; \n  \tfont-style:italic;\n  \twidth:100%;\n  \theight:100px;\n  \ttext-align:left;\n  \toverflow: auto;\n  }\n   .privacy p{margin:0;padding-bottom: 2px}\n<\/style>\n<div id=\"messaggio\" class=\"\" style=\"width:800px;text-align:justify;font-weight:normal;\">\n<p><b><br \/>\nSI PREGA DI LEGGERE ATTENTAMENTE LE SEGUENTI RESTRIZIONI E CONDIZIONI RELATIVE ALL\u2019ACCESSO A QUESTA SEZIONE DEL SITO<\/b>\n<\/p>\n<p>\nDi seguito si riportano informazioni rilevanti in relazione all\u2019offerta pubblica di acquisto obbligatoria totalitaria (l\u2019\u201c<b>Offerta<\/b>\u201d) avente ad oggetto azioni ordinarie (le \u201c<b>Azioni<\/b>\u201d) di Be Shaping The Future S.p.A. (l\u2019\u201c<b>Emittente<\/b>\u201d).\n<\/p>\n<p>\nL\u2019Offerta sar\u00e0 promossa da Overlord Bidco S.p.A. (l \u201c<b>Offerente<\/b>\u201d) esclusivamente in Italia in quanto le Azioni sono quotate esclusivamente su Euronext STAR Milan organizzato e gestito da Borsa Italiana S.p.A. ed \u00e8 soggetta agli obblighi di comunicazione e agli adempimenti procedurali previsti dal diritto italiano.\n<\/p>\n<p>\nL\u2019Offerta sar\u00e0 effettuata a mezzo della pubblicazione di un documento di offerta previa approvazione della Commissione Nazionale per le Societ\u00e0 e la Borsa (CONSOB) (il \u201c<b>Documento di Offerta<\/b>\u201d). Il Documento di Offerta conterr\u00e0 l\u2019integrale descrizione dei termini e delle condizioni dell\u2019Offerta, incluse le modalit\u00e0 di adesione.\n<\/p>\n<p>\nL\u2019Offerta non \u00e8 stata e non sar\u00e0 promossa n\u00e9 diffusa, direttamente o indirettamente, negli Stati Uniti d\u2019America, in Australia, Canada e Giappone n\u00e9 in qualsiasi altro paese in cui tale Offerta sia vietata in assenza di autorizzazione da parte delle competenti autorit\u00e0 o altri adempimenti da parte dell\u2019Offerente o sia in violazione di norme o regolamenti (tali paesi, inclusi Stati Uniti d\u2019America, Australia, Canada e Giappone , collettivamente, gli \u201c<b>Altri Paesi<\/b>\u201d), n\u00e9 utilizzando strumenti di comunicazione o commercio nazionale o internazionale degli Altri Paesi (ivi inclusi, a titolo esemplificativo, la rete postale, il fax, la posta elettronica, il telefono e Internet), n\u00e9 attraverso qualsivoglia struttura di alcuno degli intermediari finanziari degli Altri Paesi, n\u00e9 in alcun altro modo.\n<\/p>\n<p>\nL\u2019adesione all\u2019Offerta da parte di soggetti residenti in paesi diversi dall\u2019Italia potrebbe essere soggetta a specifici obblighi o restrizioni previsti da disposizioni di legge o regolamentari. \u00c8 esclusiva responsabilit\u00e0 dei soggetti che intendono aderire all\u2019Offerta conformarsi a tali norme e, pertanto, prima di aderire all\u2019Offerta, tali soggetti saranno tenuti a verificarne l\u2019esistenza e l\u2019applicabilit\u00e0, rivolgendosi ai propri consulenti.\n<\/p>\n<p>\nChiunque intenda accedere alla presente sezione del sito internet, prendere visione del Documento di Offerta e degli altri documenti ivi pubblicati, deve leggere attentamente e avere piena consapevolezza delle informazioni ivi riportate.\n<\/p>\n<p>\nLe informazioni incluse in questa sezione del sito non costituiscono n\u00e9 intendono costituire un\u2019offerta, un invito o una sollecitazione a comprare o altrimenti acquisire, sottoscrivere, vendere o altrimenti disporre di strumenti finanziari, e non verr\u00e0 posta in essere alcuna vendita, emissione o trasferimento di strumenti finanziari dell\u2019Emittente in nessun paese in violazione della normativa ivi applicabile. L\u2019Offerta sar\u00e0 effettuata a mezzo della pubblicazione del relativo documento d\u2019offerta, previa approvazione di CONSOB. Il documento di offerta conterr\u00e0 l\u2019integrale descrizione dei termini e delle condizioni dell\u2019Offerta, incluse le modalit\u00e0 di adesione, che gli azionisti dell\u2019Emittente dovrebbero esaminare attentamente.\n<\/p>\n<p>\nNessuna copia delle informazioni incluse in questa sezione del sito o di qualsiasi altro documento relativo all\u2019Offerta sar\u00e0, n\u00e9 potr\u00e0 essere, inviata per posta o altrimenti trasmessa o distribuita in qualsiasi o da qualsiasi Paese in cui le disposizioni della normativa locale possa determinare rischi di natura civile, penale o regolamentare ove informazioni concernenti l\u2019Offerta siano trasmesse o rese disponibili ad azionisti dell\u2019Emittente. In tale Paese o in altri Paesi dove tali condotte costituirebbero una violazione delle leggi di tale Paese e qualsiasi persona che riceva tali documenti (incluso in qualit\u00e0 di custode, fiduciario o trustee) \u00e8 tenuto a non inviare per posta o altrimenti trasmettere o distribuire gli stessi verso o da tale Paese.\n<\/p>\n<p><b><br \/>\nSelezionando il pulsante \u201cACCETTO\u201d si dichiara e si garantisce di non trovarsi fisicamente e di non essere residente negli Altri Paesi, nonch\u00e9 di aver letto, compreso e accettato integralmente e di impegnarsi a rispettare tutte le limitazioni sopra indicate.<br \/>\n<\/b><\/p>\n<div style=\"font-size:12px\">\n<center><br \/>\n<input  id=\"snd\" type=\"button\" value=\"Accetto\" onClick=\"location= '\/it\/investors\/opa-engineering\/'\" \nstyle=\"width:100px;\"\/>&nbsp;<input id=\"snd2\" type=\"button\" value=\"Non Accetto\" onClick=\"location= '\/it\/investors\/'\" \nstyle=\"width:100px;\"\/><br \/>\n<\/center><\/p>\n<\/div>\n<\/div>\n","protected":false},"excerpt":{"rendered":"<p>SI PREGA DI LEGGERE ATTENTAMENTE LE SEGUENTI RESTRIZIONI E CONDIZIONI RELATIVE ALL\u2019ACCESSO A QUESTA SEZIONE DEL SITO Di seguito si riportano informazioni rilevanti in relazione all\u2019offerta pubblica di acquisto obbligatoria totalitaria (l\u2019\u201cOfferta\u201d) avente ad oggetto azioni ordinarie (le \u201cAzioni\u201d) di Be Shaping The Future S.p.A. (l\u2019\u201cEmittente\u201d). L\u2019Offerta sar\u00e0 promossa da Overlord Bidco S.p.A. (l \u201cOfferente\u201d) [&hellip;]<\/p>\n","protected":false},"author":2,"featured_media":0,"parent":0,"menu_order":0,"comment_status":"closed","ping_status":"closed","template":"page-recall-PopUp.php","meta":{"_acf_changed":false,"footnotes":""},"class_list":["post-14420","page","type-page","status-publish","hentry"],"acf":[],"aioseo_notices":[],"_links":{"self":[{"href":"https:\/\/www.be-tse.it\/it\/wp-json\/wp\/v2\/pages\/14420","targetHints":{"allow":["GET"]}}],"collection":[{"href":"https:\/\/www.be-tse.it\/it\/wp-json\/wp\/v2\/pages"}],"about":[{"href":"https:\/\/www.be-tse.it\/it\/wp-json\/wp\/v2\/types\/page"}],"author":[{"embeddable":true,"href":"https:\/\/www.be-tse.it\/it\/wp-json\/wp\/v2\/users\/2"}],"replies":[{"embeddable":true,"href":"https:\/\/www.be-tse.it\/it\/wp-json\/wp\/v2\/comments?post=14420"}],"version-history":[{"count":40,"href":"https:\/\/www.be-tse.it\/it\/wp-json\/wp\/v2\/pages\/14420\/revisions"}],"predecessor-version":[{"id":14465,"href":"https:\/\/www.be-tse.it\/it\/wp-json\/wp\/v2\/pages\/14420\/revisions\/14465"}],"wp:attachment":[{"href":"https:\/\/www.be-tse.it\/it\/wp-json\/wp\/v2\/media?parent=14420"}],"curies":[{"name":"wp","href":"https:\/\/api.w.org\/{rel}","templated":true}]}}